{"id":8270,"date":"2025-05-06T14:21:33","date_gmt":"2025-05-06T14:21:33","guid":{"rendered":"https:\/\/caluaniemuelearoxidizeshop.com\/product\/caluanie-muelear-oxidize-100l\/"},"modified":"2025-10-18T23:51:14","modified_gmt":"2025-10-18T23:51:14","slug":"buy-caluanie-muelear-oxidize-wholesale","status":"publish","type":"product","link":"https:\/\/caluaniemuelearoxidizeshop.com\/de\/product\/buy-caluanie-muelear-oxidize-wholesale\/","title":{"rendered":"Caluanie Muelear Oxidize 100L"},"content":{"rendered":"<h2 data-start=\"192\" data-end=\"263\">\ud83d\uded2 Caluanie Muelear Oxidize im Gro\u00dfhandel kaufen \u2013 Vertrauensw\u00fcrdiger Industriebedarf<\/h2>\n<p class=\"\" data-start=\"265\" data-end=\"523\">Ich freue mich auf <strong data-start=\"276\" data-end=\"318\">Caluanie Muelear Oxidize kaufen <a href=\"https:\/\/caluaniemuelearoxidizeshop.com\/de\/2025\/05\/07\/what-is-caluanie-muelear-oxidize-used-for\/\">Gro\u00dfhandel<\/a><\/strong> in den USA oder international? Egal ob Sie in <strong data-start=\"368\" data-end=\"425\">Metallverarbeitung, Forschung oder chemische Herstellung<\/strong>Der Kauf in gro\u00dfen Mengen gew\u00e4hrleistet Kosteneffizienz und eine unterbrechungsfreie Versorgung f\u00fcr den industriellen Betrieb.<\/p>\n<hr class=\"\" data-start=\"525\" data-end=\"528\" \/>\n<h2 class=\"\" data-start=\"530\" data-end=\"569\">\ud83d\udd0d Was ist Caluanie Muelear Oxidize?<\/h2>\n<p class=\"\" data-start=\"571\" data-end=\"840\"><strong data-start=\"571\" data-end=\"599\">Caluanie Muelear Oxidieren<\/strong> ist ein potenter <strong data-start=\"612\" data-end=\"652\">Oxidationsmittel und chemisches L\u00f6sungsmittel<\/strong> konzipiert f\u00fcr <strong data-start=\"666\" data-end=\"725\">Metallzersetzung, Farbentfernung und Reaktionen im Labor<\/strong>Seine kraftvolle Formel macht es ideal f\u00fcr <strong data-start=\"767\" data-end=\"796\">schwere industrielle Nutzung<\/strong>, nicht f\u00fcr pers\u00f6nliche oder Verbraucheranwendungen.<\/p>\n<hr class=\"\" data-start=\"842\" data-end=\"845\" \/>\n<h2 class=\"\" data-start=\"847\" data-end=\"867\">\ud83d\udd2c Schl\u00fcsseleigenschaften<\/h2>\n<ul data-start=\"869\" data-end=\"1128\">\n<li class=\"\" data-start=\"869\" data-end=\"911\">\n<p class=\"\" data-start=\"871\" data-end=\"911\"><strong data-start=\"871\" data-end=\"879\">Typ<\/strong>: Hochwirksames oxidierendes L\u00f6sungsmittel<\/p>\n<\/li>\n<li class=\"\" data-start=\"912\" data-end=\"953\">\n<p class=\"\" data-start=\"914\" data-end=\"953\"><strong data-start=\"914\" data-end=\"928\">Aussehen<\/strong>: Klare bis bernsteinfarbene Fl\u00fcssigkeit<\/p>\n<\/li>\n<li class=\"\" data-start=\"954\" data-end=\"983\">\n<p class=\"\" data-start=\"956\" data-end=\"983\"><strong data-start=\"956\" data-end=\"964\">Geruch<\/strong>: Scharfe, chemische<\/p>\n<\/li>\n<li class=\"\" data-start=\"984\" data-end=\"1047\">\n<p class=\"\" data-start=\"986\" data-end=\"1047\"><strong data-start=\"986\" data-end=\"1000\">Reaktivit\u00e4t<\/strong>: Zersetzt Metalle, Beschichtungen und Verbindungen<\/p>\n<\/li>\n<li class=\"\" data-start=\"1048\" data-end=\"1128\">\n<p class=\"\" data-start=\"1050\" data-end=\"1128\"><strong data-start=\"1050\" data-end=\"1063\">Verpackung<\/strong>: Industriebeh\u00e4lter (L, L, 20 oder mehr) mit Gefahrenkennzeichnung<\/p>\n<\/li>\n<\/ul>\n<hr class=\"\" data-start=\"1130\" data-end=\"1133\" \/>\n<h2 class=\"\" data-start=\"1135\" data-end=\"1164\">\ud83e\uddea Industrielle Anwendungen<\/h2>\n<ul data-start=\"1166\" data-end=\"1305\">\n<li class=\"\" data-start=\"1166\" data-end=\"1199\">\n<p class=\"\" data-start=\"1168\" data-end=\"1199\"><strong data-start=\"1168\" data-end=\"1197\">Metallzerkleinerung und -veredelung<\/strong><\/p>\n<\/li>\n<li class=\"\" data-start=\"1200\" data-end=\"1231\">\n<p class=\"\" data-start=\"1202\" data-end=\"1231\"><strong data-start=\"1202\" data-end=\"1229\">Farb- und Beschichtungsentfernung<\/strong><\/p>\n<\/li>\n<li class=\"\" data-start=\"1232\" data-end=\"1268\">\n<p class=\"\" data-start=\"1234\" data-end=\"1268\"><strong data-start=\"1234\" data-end=\"1266\">Chemische L\u00f6sungsmittel in der Forschung<\/strong><\/p>\n<\/li>\n<li class=\"\" data-start=\"1269\" data-end=\"1305\">\n<p class=\"\" data-start=\"1271\" data-end=\"1305\"><strong data-start=\"1271\" data-end=\"1305\">Haltbarkeits- und Korrosionstests<\/strong><\/p>\n<\/li>\n<\/ul>\n<hr class=\"\" data-start=\"1307\" data-end=\"1310\" \/>\n<h2 class=\"\" data-start=\"1312\" data-end=\"1339\">\u26a0\ufe0f Sicherheit und Compliance<\/h2>\n<p class=\"\" data-start=\"1341\" data-end=\"1538\">Caluanie ist ein <strong data-start=\"1355\" data-end=\"1378\">regulierte Substanz<\/strong>. Nur in zertifizierten Umgebungen mit ordnungsgem\u00e4\u00dfer <strong data-start=\"1430\" data-end=\"1437\">PSA<\/strong>, Bel\u00fcftungs- und Abfallentsorgungssysteme. Beachten Sie immer die <strong data-start=\"1500\" data-end=\"1508\">Sicherheitsdatenblatt<\/strong> (Sicherheitsdatenblatt).<\/p>\n<hr class=\"\" data-start=\"1540\" data-end=\"1543\" \/>\n<h2 class=\"\" data-start=\"1545\" data-end=\"1606\">\ud83c\udf10 Wo kann man Caluanie Muelear Oxidize online in den USA kaufen?<\/h2>\n<p class=\"\" data-start=\"1608\" data-end=\"1676\">Auf der Suche nach einer Quelle <strong data-start=\"1626\" data-end=\"1675\">Caluanie Muelear Oxidize Gro\u00dfhandel in den USA<\/strong>?<\/p>\n<h3 class=\"\" data-start=\"1678\" data-end=\"1709\">\u2705 Vertrauensw\u00fcrdige Online-Anbieter:<\/h3>\n<ol data-start=\"1710\" data-end=\"2138\">\n<li class=\"\" data-start=\"1710\" data-end=\"1832\">\n<p class=\"\" data-start=\"1713\" data-end=\"1832\"><strong data-start=\"1713\" data-end=\"1758\">Lizenzierte Industriechemikalienh\u00e4ndler<\/strong><br data-start=\"1758\" data-end=\"1761\" \/>\u2013 Diese Anbieter verlangen eine Gesch\u00e4fts\u00fcberpr\u00fcfung und versenden im Inland.<\/p>\n<\/li>\n<li class=\"\" data-start=\"1834\" data-end=\"1964\">\n<p class=\"\" data-start=\"1837\" data-end=\"1964\"><strong data-start=\"1837\" data-end=\"1881\">Autorisierte Exporteure mit Lagern in den USA<\/strong><br data-start=\"1881\" data-end=\"1884\" \/>\u2013 Versenden Sie Gro\u00dfbestellungen von H\u00e4fen in <strong data-start=\"1920\" data-end=\"1963\">New York, Kalifornien, Texas oder Florida<\/strong>.<\/p>\n<\/li>\n<li class=\"\" data-start=\"1966\" data-end=\"2138\">\n<p class=\"\" data-start=\"1969\" data-end=\"2138\"><strong data-start=\"1969\" data-end=\"2008\">Direkte Hersteller-Verkaufsplattformen<\/strong><br data-start=\"2008\" data-end=\"2011\" \/>\u2013 Einige Hersteller listen direkt auf <strong data-start=\"2052\" data-end=\"2069\">B2B-Plattformen<\/strong> wie <strong data-start=\"2075\" data-end=\"2086\">Alibaba<\/strong>, <strong data-start=\"2088\" data-end=\"2105\">In China hergestellt<\/strong>, oder Nischenm\u00e4rkte f\u00fcr Chemikalien.<\/p>\n<\/li>\n<\/ol>\n<blockquote data-start=\"2140\" data-end=\"2285\">\n<p class=\"\" data-start=\"2142\" data-end=\"2285\"><strong data-start=\"2142\" data-end=\"2223\">\u26a0\ufe0f Vermeiden Sie K\u00e4ufe \u00fcber soziale Medien, unbekannte Websites oder Darknet-Quellen.<\/strong> Dabei handelt es sich h\u00e4ufig um Betrug oder gef\u00e4hrliche gef\u00e4lschte Chemikalien.<\/p>\n<\/blockquote>\n<hr class=\"\" data-start=\"2287\" data-end=\"2290\" \/>\n<h2 class=\"\" data-start=\"2292\" data-end=\"2330\">\u2753 H\u00e4ufig gestellte Fragen (FAQs)<\/h2>\n<h3 class=\"\" data-start=\"2332\" data-end=\"2384\">\ud83d\udd39 Ist Caluanie Muelear Oxidize in den USA legal?<\/h3>\n<p class=\"\" data-start=\"2385\" data-end=\"2541\">Ja, aber es ist <strong data-start=\"2400\" data-end=\"2413\">reguliert<\/strong>Sie m\u00fcssen ein <strong data-start=\"2430\" data-end=\"2473\">autorisierter gewerblicher oder industrieller K\u00e4ufer<\/strong>, und die Verwendung muss den Bundes- und Landesgesetzen zur Chemikaliensicherheit entsprechen.<\/p>\n<h3 class=\"\" data-start=\"2543\" data-end=\"2586\">\ud83d\udd39 Kann ich Caluanie als Privatperson kaufen?<\/h3>\n<p class=\"\" data-start=\"2587\" data-end=\"2720\">NEIN, <strong data-start=\"2591\" data-end=\"2627\">Der Verkauf an Verbraucher ist nicht gestattet.<\/strong>. Nur lizenzierte Industrieanwender und Institutionen d\u00fcrfen diese Chemikalie legal kaufen und verwenden.<\/p>\n<h3 class=\"\" data-start=\"2722\" data-end=\"2753\">\ud83d\udd39 Wie wird Caluanie versendet?<\/h3>\n<p class=\"\" data-start=\"2754\" data-end=\"2889\">Der Versand erfolgt per <strong data-start=\"2772\" data-end=\"2801\">zertifizierte Gefahrguttransporteure<\/strong>. Gro\u00dfbestellungen beinhalten die ordnungsgem\u00e4\u00dfe Kennzeichnung, Auffangvorrichtung f\u00fcr versch\u00fcttete Fl\u00fcssigkeiten und Dokumentation (MSDS, COA).<\/p>\n<h3 class=\"\" data-start=\"2891\" data-end=\"2927\">\ud83d\udd39 Stellen Sie Dokumentation zur Verf\u00fcgung?<\/h3>\n<p class=\"\" data-start=\"2928\" data-end=\"2954\">Ja. Alle Bestellungen werden mitgeliefert:<\/p>\n<ul data-start=\"2955\" data-end=\"3067\">\n<li class=\"\" data-start=\"2955\" data-end=\"2990\">\n<p class=\"\" data-start=\"2957\" data-end=\"2990\"><strong data-start=\"2957\" data-end=\"2990\">Analysezertifikat (COA)<\/strong><\/p>\n<\/li>\n<li class=\"\" data-start=\"2991\" data-end=\"3030\">\n<p class=\"\" data-start=\"2993\" data-end=\"3030\"><strong data-start=\"2993\" data-end=\"3030\">Sicherheitsdatenblatt (MSDS)<\/strong><\/p>\n<\/li>\n<li class=\"\" data-start=\"3031\" data-end=\"3067\">\n<p class=\"\" data-start=\"3033\" data-end=\"3067\"><strong data-start=\"3033\" data-end=\"3067\">Import-\/Export-Konformit\u00e4tsformulare<\/strong><\/p>\n<\/li>\n<\/ul>\n<h3 class=\"\" data-start=\"3069\" data-end=\"3110\">\ud83d\udd39 Wie lange ist Caluanie haltbar?<\/h3>\n<p class=\"\" data-start=\"3111\" data-end=\"3203\">Typischerweise <strong data-start=\"3121\" data-end=\"3140\">12 bis 24 Monate<\/strong> Bei richtiger Lagerung in einem <strong data-start=\"3168\" data-end=\"3202\">k\u00fchlen, trockenen und sicheren Ort<\/strong>.<\/p>\n<hr class=\"\" data-start=\"3205\" data-end=\"3208\" \/>\n<h2 class=\"\" data-start=\"3210\" data-end=\"3250\">\u2705 Warum sollten Sie uns f\u00fcr die Gro\u00dfhandelsversorgung w\u00e4hlen?<\/h2>\n<ul data-start=\"3252\" data-end=\"3414\">\n<li class=\"\" data-start=\"3252\" data-end=\"3289\">\n<p class=\"\" data-start=\"3254\" data-end=\"3289\">\ud83e\uddea Hochreines, im Labor getestetes Caluanie<\/p>\n<\/li>\n<li class=\"\" data-start=\"3290\" data-end=\"3324\">\n<p class=\"\" data-start=\"3292\" data-end=\"3324\">\ud83d\udce6 Sicherer und schneller US-Versand<\/p>\n<\/li>\n<li class=\"\" data-start=\"3325\" data-end=\"3360\">\n<p class=\"\" data-start=\"3327\" data-end=\"3360\">\ud83d\udcc3 Vollst\u00e4ndige Dokumentation und Support<\/p>\n<\/li>\n<li class=\"\" data-start=\"3361\" data-end=\"3414\">\n<p class=\"\" data-start=\"3363\" data-end=\"3414\">\ud83d\udcac Kompetenter Kundenservice bei Compliance-Fragen<\/p>\n<\/li>\n<\/ul>\n<hr class=\"\" data-start=\"3416\" data-end=\"3419\" \/>\n<h2 class=\"\" data-start=\"3421\" data-end=\"3481\">\ud83d\udce6 Angebot anfordern \u2013 Caluanie-Gro\u00dfhandel in den USA<\/h2>\n<p class=\"\" data-start=\"3483\" data-end=\"3695\">Ben\u00f6tigen Sie eine Gro\u00dfbestellung von Caluanie Muelear Oxidize? Kontaktieren Sie uns noch heute f\u00fcr Preise, Lieferzeiten und Produktdokumentation. Wir garantieren <strong data-start=\"3613\" data-end=\"3665\">sicherer, legaler und zuverl\u00e4ssiger Gro\u00dfhandelsvertrieb<\/strong> in den USA und weltweit.<\/p>","protected":false},"excerpt":{"rendered":"<p>Caluanie Muelear wird weltweit versendet<br \/>\n100L Beh\u00e4ltergr\u00f6\u00dfe<br \/>\nFormel in Industriequalit\u00e4t<br \/>\nGeeignet f\u00fcr eine Vielzahl von Oberfl\u00e4chen<\/p>","protected":false},"featured_media":8273,"comment_status":"open","ping_status":"closed","template":"","meta":{"inline_featured_image":false},"product_brand":[],"product_cat":[45],"product_tag":[],"class_list":{"0":"post-8270","1":"product","2":"type-product","3":"status-publish","4":"has-post-thumbnail","6":"product_cat-caluanie-muelear-oxidize","8":"first","9":"instock","10":"shipping-taxable","11":"purchasable","12":"product-type-simple"},"jetpack_sharing_enabled":true,"_links":{"self":[{"href":"https:\/\/caluaniemuelearoxidizeshop.com\/de\/wp-json\/wp\/v2\/product\/8270","targetHints":{"allow":["GET"]}}],"collection":[{"href":"https:\/\/caluaniemuelearoxidizeshop.com\/de\/wp-json\/wp\/v2\/product"}],"about":[{"href":"https:\/\/caluaniemuelearoxidizeshop.com\/de\/wp-json\/wp\/v2\/types\/product"}],"replies":[{"embeddable":true,"href":"https:\/\/caluaniemuelearoxidizeshop.com\/de\/wp-json\/wp\/v2\/comments?post=8270"}],"wp:featuredmedia":[{"embeddable":true,"href":"https:\/\/caluaniemuelearoxidizeshop.com\/de\/wp-json\/wp\/v2\/media\/8273"}],"wp:attachment":[{"href":"https:\/\/caluaniemuelearoxidizeshop.com\/de\/wp-json\/wp\/v2\/media?parent=8270"}],"wp:term":[{"taxonomy":"product_brand","embeddable":true,"href":"https:\/\/caluaniemuelearoxidizeshop.com\/de\/wp-json\/wp\/v2\/product_brand?post=8270"},{"taxonomy":"product_cat","embeddable":true,"href":"https:\/\/caluaniemuelearoxidizeshop.com\/de\/wp-json\/wp\/v2\/product_cat?post=8270"},{"taxonomy":"product_tag","embeddable":true,"href":"https:\/\/caluaniemuelearoxidizeshop.com\/de\/wp-json\/wp\/v2\/product_tag?post=8270"}],"curies":[{"name":"wp","href":"https:\/\/api.w.org\/{rel}","templated":true}]}}