{"id":8444,"date":"2025-05-07T05:24:46","date_gmt":"2025-05-07T05:24:46","guid":{"rendered":"https:\/\/caluaniemuelearoxidizeshop.com\/?page_id=8444"},"modified":"2025-05-07T05:36:52","modified_gmt":"2025-05-07T05:36:52","slug":"caluanie-muelear-global-shipping","status":"publish","type":"page","link":"https:\/\/caluaniemuelearoxidizeshop.com\/fr\/caluanie-muelear-global-shipping\/","title":{"rendered":"Politique d&#039;exp\u00e9dition"},"content":{"rendered":"<h2 data-start=\"198\" data-end=\"273\"><strong data-start=\"202\" data-end=\"273\">Politique d&#039;exp\u00e9dition pour Caluanie Muelear Oxidize \u2013 Exp\u00e9dition internationale rapide<\/strong><\/h2>\n<p class=\"\" data-start=\"275\" data-end=\"559\">\u00c0 <strong data-start=\"278\" data-end=\"312\">Caluanie Muelear Oxidize Store<\/strong>, nous vous facilitons la t\u00e2che <strong data-start=\"341\" data-end=\"380\">acheter Caluanie Muelear Oxidize en ligne<\/strong> avec <strong data-start=\"386\" data-end=\"403\">exp\u00e9dition rapide<\/strong> \u00c0 votre adresse. Que vous soyez aux \u00c9tats-Unis, en Am\u00e9rique latine, en Asie ou ailleurs, nous proposons des options de livraison fiables et rapides \u00e0 nos clients internationaux.<\/p>\n<h2 data-start=\"561\" data-end=\"598\"><strong data-start=\"566\" data-end=\"598\">Destinations d&#039;exp\u00e9dition mondiales<\/strong><\/h2>\n<p class=\"\" data-start=\"600\" data-end=\"665\">Nous proposons fi\u00e8rement des exp\u00e9ditions internationales vers les r\u00e9gions suivantes :<\/p>\n<div class=\"_tableContainer_16hzy_1\">\n<div class=\"_tableWrapper_16hzy_14 group flex w-fit flex-col-reverse\" tabindex=\"-1\">\n<table class=\"w-fit min-w-(--thread-content-width)\" data-start=\"667\" data-end=\"1664\">\n<thead data-start=\"667\" data-end=\"773\">\n<tr data-start=\"667\" data-end=\"773\">\n<th data-start=\"667\" data-end=\"692\" data-col-size=\"sm\"><strong data-start=\"669\" data-end=\"679\">R\u00e9gion<\/strong><\/th>\n<th data-start=\"692\" data-end=\"773\" data-col-size=\"md\"><strong data-start=\"694\" data-end=\"707\">Pays<\/strong><\/th>\n<\/tr>\n<\/thead>\n<tbody data-start=\"881\" data-end=\"1664\">\n<tr data-start=\"881\" data-end=\"992\">\n<td data-start=\"881\" data-end=\"909\" data-col-size=\"sm\"><strong data-start=\"883\" data-end=\"900\">\u00c9tats-Unis<\/strong> \ud83c\uddeb\ud83c\uddf7<\/td>\n<td data-start=\"909\" data-end=\"992\" data-col-size=\"md\">Tous les \u00c9tats, y compris la Californie, le Texas, la Floride et plus encore<\/td>\n<\/tr>\n<tr data-start=\"993\" data-end=\"1109\">\n<td data-start=\"993\" data-end=\"1028\" data-col-size=\"sm\"><strong data-start=\"995\" data-end=\"1012\">l&#039;Am\u00e9rique latine<\/strong> \ud83c\udde7\ud83c\uddf7 \ud83c\uddf2\ud83c\uddfd \ud83c\udde6\ud83c\uddf7<\/td>\n<td data-col-size=\"md\" data-start=\"1028\" data-end=\"1109\">Br\u00e9sil, Mexique, Argentine, Chili, P\u00e9rou, Colombie, \u00c9quateur et plus encore<\/td>\n<\/tr>\n<tr data-start=\"1110\" data-end=\"1221\">\n<td data-start=\"1110\" data-end=\"1140\" data-col-size=\"sm\"><strong data-start=\"1112\" data-end=\"1120\">Asie<\/strong> \ud83c\udde8\ud83c\uddf3 \ud83c\uddee\ud83c\uddf3 \ud83c\uddef\ud83c\uddf5<\/td>\n<td data-start=\"1140\" data-end=\"1221\" data-col-size=\"md\">Chine, Inde, Japon, Cor\u00e9e du Sud, Singapour, Tha\u00eflande, Philippines, etc.<\/td>\n<\/tr>\n<tr data-start=\"1222\" data-end=\"1332\">\n<td data-start=\"1222\" data-end=\"1251\" data-col-size=\"sm\"><strong data-start=\"1224\" data-end=\"1234\">Europe<\/strong> \ud83c\uddeb\ud83c\uddf7 \ud83c\udde9\ud83c\uddea \ud83c\uddeb\ud83c\uddf7<\/td>\n<td data-col-size=\"md\" data-start=\"1251\" data-end=\"1332\">Royaume-Uni, Allemagne, France, Italie, Espagne et autres pays de l&#039;UE<\/td>\n<\/tr>\n<tr data-start=\"1333\" data-end=\"1446\">\n<td data-start=\"1333\" data-end=\"1366\" data-col-size=\"sm\"><strong data-start=\"1335\" data-end=\"1350\">Moyen-Orient<\/strong> \ud83c\uddf8\ud83c\udde6 \ud83c\udde6\ud83c\uddea \ud83c\uddf6\ud83c\udde6<\/td>\n<td data-col-size=\"md\" data-start=\"1366\" data-end=\"1446\">Arabie saoudite, \u00c9mirats arabes unis, Qatar, Kowe\u00eft, Bahre\u00efn, Oman<\/td>\n<\/tr>\n<tr data-start=\"1447\" data-end=\"1553\">\n<td data-start=\"1447\" data-end=\"1473\" data-col-size=\"sm\"><strong data-start=\"1449\" data-end=\"1459\">Afrique<\/strong> \ud83c\udf0d<\/td>\n<td data-start=\"1473\" data-end=\"1553\" data-col-size=\"md\">Afrique du Sud, \u00c9gypte, Kenya, Nig\u00e9ria, Maroc et autres pays africains<\/td>\n<\/tr>\n<tr data-start=\"1554\" data-end=\"1664\">\n<td data-start=\"1554\" data-end=\"1584\" data-col-size=\"sm\"><strong data-start=\"1556\" data-end=\"1573\">Pays de la CEI<\/strong> \ud83c\uddf0\ud83c\uddff \ud83c\uddfa\ud83c\uddff<\/td>\n<td data-start=\"1584\" data-end=\"1664\" data-col-size=\"md\">Kazakhstan, Ouzb\u00e9kistan, Turkm\u00e9nistan, Kirghizistan, Tadjikistan et autres<\/td>\n<\/tr>\n<\/tbody>\n<\/table>\n<div class=\"sticky end-(--thread-content-margin) h-0 self-end select-none\">\n<div class=\"absolute end-0 flex items-end\"><\/div>\n<\/div>\n<\/div>\n<\/div>\n<h2 data-start=\"1666\" data-end=\"1704\"><strong data-start=\"1671\" data-end=\"1704\">D\u00e9lais de traitement et d&#039;exp\u00e9dition<\/strong><\/h2>\n<div class=\"_tableContainer_16hzy_1\">\n<div class=\"_tableWrapper_16hzy_14 group flex w-fit flex-col-reverse\" tabindex=\"-1\">\n<table class=\"w-fit min-w-(--thread-content-width)\" data-start=\"1706\" data-end=\"2484\">\n<thead data-start=\"1706\" data-end=\"1789\">\n<tr data-start=\"1706\" data-end=\"1789\">\n<th data-start=\"1706\" data-end=\"1729\" data-col-size=\"sm\"><strong data-start=\"1708\" data-end=\"1723\">Destination<\/strong><\/th>\n<th data-start=\"1729\" data-end=\"1761\" data-col-size=\"sm\"><strong data-start=\"1731\" data-end=\"1758\">D\u00e9lai de livraison estim\u00e9<\/strong><\/th>\n<th data-start=\"1761\" data-end=\"1789\" data-col-size=\"sm\"><strong data-start=\"1763\" data-end=\"1782\">D\u00e9lai de traitement<\/strong><\/th>\n<\/tr>\n<\/thead>\n<tbody data-start=\"1874\" data-end=\"2484\">\n<tr data-start=\"1874\" data-end=\"1959\">\n<td data-start=\"1874\" data-end=\"1899\" data-col-size=\"sm\"><strong data-start=\"1876\" data-end=\"1883\">cerf<\/strong> \ud83c\uddeb\ud83c\uddf7<\/td>\n<td data-col-size=\"sm\" data-start=\"1899\" data-end=\"1931\">3 \u00e0 5 jours ouvrables<\/td>\n<td data-col-size=\"sm\" data-start=\"1931\" data-end=\"1959\">1 \u00e0 2 jours ouvrables<\/td>\n<\/tr>\n<tr data-start=\"1960\" data-end=\"2046\">\n<td data-start=\"1960\" data-end=\"1986\" data-col-size=\"sm\"><strong data-start=\"1962\" data-end=\"1979\">l&#039;Am\u00e9rique latine<\/strong> \ud83c\udde7\ud83c\uddf7<\/td>\n<td data-col-size=\"sm\" data-start=\"1986\" data-end=\"2018\">5 \u00e0 7 jours ouvrables<\/td>\n<td data-col-size=\"sm\" data-start=\"2018\" data-end=\"2046\">1 \u00e0 2 jours ouvrables<\/td>\n<\/tr>\n<tr data-start=\"2047\" data-end=\"2135\">\n<td data-start=\"2047\" data-end=\"2075\" data-col-size=\"sm\"><strong data-start=\"2049\" data-end=\"2057\">Asie<\/strong> \ud83c\udde8\ud83c\uddf3 \ud83c\uddee\ud83c\uddf3 \ud83c\uddef\ud83c\uddf5<\/td>\n<td data-col-size=\"sm\" data-start=\"2075\" data-end=\"2107\">5 \u00e0 10 jours ouvrables<\/td>\n<td data-col-size=\"sm\" data-start=\"2107\" data-end=\"2135\">1 \u00e0 2 jours ouvrables<\/td>\n<\/tr>\n<tr data-start=\"2136\" data-end=\"2224\">\n<td data-start=\"2136\" data-end=\"2164\" data-col-size=\"sm\"><strong data-start=\"2138\" data-end=\"2148\">Europe<\/strong> \ud83c\uddeb\ud83c\uddf7 \ud83c\udde9\ud83c\uddea \ud83c\uddeb\ud83c\uddf7<\/td>\n<td data-col-size=\"sm\" data-start=\"2164\" data-end=\"2196\">4 \u00e0 7 jours ouvrables<\/td>\n<td data-col-size=\"sm\" data-start=\"2196\" data-end=\"2224\">1 \u00e0 2 jours ouvrables<\/td>\n<\/tr>\n<tr data-start=\"2225\" data-end=\"2312\">\n<td data-start=\"2225\" data-end=\"2252\" data-col-size=\"sm\"><strong data-start=\"2227\" data-end=\"2242\">Moyen-Orient<\/strong> \ud83c\uddf8\ud83c\udde6 \ud83c\udde6\ud83c\uddea<\/td>\n<td data-start=\"2252\" data-end=\"2284\" data-col-size=\"sm\">5 \u00e0 7 jours ouvrables<\/td>\n<td data-start=\"2284\" data-end=\"2312\" data-col-size=\"sm\">1 \u00e0 2 jours ouvrables<\/td>\n<\/tr>\n<tr data-start=\"2313\" data-end=\"2397\">\n<td data-start=\"2313\" data-end=\"2337\" data-col-size=\"sm\"><strong data-start=\"2315\" data-end=\"2325\">Afrique<\/strong> \ud83c\udf0d<\/td>\n<td data-start=\"2337\" data-end=\"2369\" data-col-size=\"sm\">5 \u00e0 10 jours ouvrables<\/td>\n<td data-start=\"2369\" data-end=\"2397\" data-col-size=\"sm\">1 \u00e0 2 jours ouvrables<\/td>\n<\/tr>\n<tr data-start=\"2398\" data-end=\"2484\">\n<td data-start=\"2398\" data-end=\"2424\" data-col-size=\"sm\"><strong data-start=\"2400\" data-end=\"2417\">Pays de la CEI<\/strong> \ud83c\uddf0\ud83c\uddff<\/td>\n<td data-start=\"2424\" data-end=\"2456\" data-col-size=\"sm\">5 \u00e0 10 jours ouvrables<\/td>\n<td data-start=\"2456\" data-end=\"2484\" data-col-size=\"sm\">1 \u00e0 2 jours ouvrables<\/td>\n<\/tr>\n<\/tbody>\n<\/table>\n<\/div>\n<\/div>\n<hr class=\"\" data-start=\"2141\" data-end=\"2144\" \/>\n<h2 data-start=\"2146\" data-end=\"2196\">\ud83d\udd10 <strong data-start=\"2153\" data-end=\"2196\">Emballage discret et protection de la vie priv\u00e9e<\/strong><\/h2>\n<ul data-start=\"2198\" data-end=\"2506\">\n<li class=\"\" data-start=\"2198\" data-end=\"2279\">\n<p class=\"\" data-start=\"2200\" data-end=\"2279\">Tous <strong data-start=\"2204\" data-end=\"2232\">Caluanie Muelear Oxyder<\/strong> les commandes sont exp\u00e9di\u00e9es dans <strong data-start=\"2255\" data-end=\"2277\">emballage non marqu\u00e9<\/strong><\/p>\n<\/li>\n<li class=\"\" data-start=\"2280\" data-end=\"2339\">\n<p class=\"\" data-start=\"2282\" data-end=\"2339\">Aucun nom de produit ni indicateur chimique \u00e0 l&#039;ext\u00e9rieur<\/p>\n<\/li>\n<li class=\"\" data-start=\"2340\" data-end=\"2445\">\n<p class=\"\" data-start=\"2342\" data-end=\"2445\">Protection des donn\u00e9es garantie \u2014 vos informations personnelles et d&#039;exp\u00e9dition sont <strong data-start=\"2413\" data-end=\"2443\">crypt\u00e9 et confidentiel<\/strong><\/p>\n<\/li>\n<li class=\"\" data-start=\"2446\" data-end=\"2506\">\n<p class=\"\" data-start=\"2448\" data-end=\"2506\">Nous <strong data-start=\"2451\" data-end=\"2466\">ne jamais partager<\/strong> informations client avec des tiers<\/p>\n<\/li>\n<\/ul>\n<hr class=\"\" data-start=\"2508\" data-end=\"2511\" \/>\n<h2 data-start=\"2513\" data-end=\"2570\">\u26a0\ufe0f <strong data-start=\"2520\" data-end=\"2570\">Conformit\u00e9 r\u00e9glementaire et transport s\u00e9curitaire de produits chimiques<\/strong><\/h2>\n<p class=\"\" data-start=\"2572\" data-end=\"2660\">Nos produits sont exp\u00e9di\u00e9s en <strong data-start=\"2600\" data-end=\"2643\">conteneurs certifi\u00e9s r\u00e9sistants aux produits chimiques<\/strong>Nous respectons :<\/p>\n<ul data-start=\"2662\" data-end=\"2796\">\n<li class=\"\" data-start=\"2662\" data-end=\"2709\">\n<p class=\"\" data-start=\"2664\" data-end=\"2709\"><strong data-start=\"2664\" data-end=\"2672\">VOIR<\/strong> (Transport a\u00e9rien de marchandises dangereuses)<\/p>\n<\/li>\n<li class=\"\" data-start=\"2710\" data-end=\"2753\">\n<p class=\"\" data-start=\"2712\" data-end=\"2753\"><strong data-start=\"2712\" data-end=\"2720\">IMDG<\/strong> (Conformit\u00e9 du transport maritime)<\/p>\n<\/li>\n<li class=\"\" data-start=\"2754\" data-end=\"2796\">\n<p class=\"\" data-start=\"2756\" data-end=\"2796\"><strong data-start=\"2756\" data-end=\"2763\">ADR<\/strong> (S\u00e9curit\u00e9 europ\u00e9enne des transports routiers)<\/p>\n<\/li>\n<\/ul>\n<p class=\"\" data-start=\"2798\" data-end=\"2916\">Toutes les exp\u00e9ditions comprennent les <strong data-start=\"2832\" data-end=\"2849\">\u00e9tiquettes de danger<\/strong>, <strong data-start=\"2851\" data-end=\"2872\">documents douaniers<\/strong>, et <strong data-start=\"2878\" data-end=\"2903\">instructions de manipulation<\/strong> selon les besoins.<\/p>\n<hr class=\"\" data-start=\"2918\" data-end=\"2921\" \/>\n<h2 data-start=\"2923\" data-end=\"2967\">\ud83d\udd52 <strong data-start=\"2930\" data-end=\"2967\">Processus de traitement des commandes et de livraison<\/strong><\/h2>\n<ul data-start=\"2969\" data-end=\"3162\">\n<li class=\"\" data-start=\"2969\" data-end=\"3018\">\n<p class=\"\" data-start=\"2971\" data-end=\"3018\"><strong data-start=\"2971\" data-end=\"2991\">D\u00e9lai de traitement :<\/strong> Dans un d\u00e9lai de 1 \u00e0 2 jours ouvrables<\/p>\n<\/li>\n<li class=\"\" data-start=\"3019\" data-end=\"3089\">\n<p class=\"\" data-start=\"3021\" data-end=\"3089\"><strong data-start=\"3021\" data-end=\"3034\">Suivi:<\/strong> Toutes les commandes sont accompagn\u00e9es d&#039;un <strong data-start=\"3058\" data-end=\"3087\">num\u00e9ro de suivi en temps r\u00e9el<\/strong><\/p>\n<\/li>\n<li class=\"\" data-start=\"3090\" data-end=\"3162\">\n<p class=\"\" data-start=\"3092\" data-end=\"3162\"><strong data-start=\"3092\" data-end=\"3105\">Transporteurs :<\/strong> Nous travaillons avec <strong data-start=\"3119\" data-end=\"3126\">DHL<\/strong>, <strong data-start=\"3128\" data-end=\"3137\">FedEx<\/strong>, <strong data-start=\"3139\" data-end=\"3146\">UPS<\/strong>, et <strong data-start=\"3152\" data-end=\"3162\">Aramex<\/strong><\/p>\n<\/li>\n<\/ul>\n<hr class=\"\" data-start=\"3164\" data-end=\"3167\" \/>\n<h2 data-start=\"3169\" data-end=\"3213\">\ud83d\udee1\ufe0f <strong data-start=\"3177\" data-end=\"3213\">Commandes perdues, endommag\u00e9es ou retard\u00e9es<\/strong><\/h2>\n<p class=\"\" data-start=\"3215\" data-end=\"3253\">Si vous rencontrez des probl\u00e8mes d&#039;exp\u00e9dition :<\/p>\n<ul data-start=\"3255\" data-end=\"3456\">\n<li class=\"\" data-start=\"3255\" data-end=\"3326\">\n<p class=\"\" data-start=\"3257\" data-end=\"3326\">\ud83d\udce9 Contactez-nous dans les <strong data-start=\"3278\" data-end=\"3290\">48 heures<\/strong> de livraison ou de tentative de livraison<\/p>\n<\/li>\n<li class=\"\" data-start=\"3327\" data-end=\"3379\">\n<p class=\"\" data-start=\"3329\" data-end=\"3379\">\ud83d\udcf7 Fournir des photos justificatives (pour les marchandises endommag\u00e9es)<\/p>\n<\/li>\n<li class=\"\" data-start=\"3380\" data-end=\"3456\">\n<p class=\"\" data-start=\"3382\" data-end=\"3456\">\u2705 Nous allons r\u00e9soudre avec un <strong data-start=\"3407\" data-end=\"3422\">remplacement<\/strong> ou <strong data-start=\"3426\" data-end=\"3441\">remboursement int\u00e9gral<\/strong>, le cas \u00e9ch\u00e9ant<\/p>\n<\/li>\n<\/ul>\n<hr class=\"\" data-start=\"3458\" data-end=\"3461\" \/>\n<h2 data-start=\"3463\" data-end=\"3515\">\ud83d\udd11 <strong data-start=\"3470\" data-end=\"3515\">Pourquoi acheter Caluanie Muelear en ligne avec une exp\u00e9dition rapide chez nous ?<\/strong><\/h2>\n<ul data-start=\"3517\" data-end=\"3733\">\n<li class=\"\" data-start=\"3517\" data-end=\"3571\">\n<p class=\"\" data-start=\"3519\" data-end=\"3571\">\u2705 <strong data-start=\"3521\" data-end=\"3569\">Caluanie authentique de qualit\u00e9 industrielle \u00e0 vendre<\/strong><\/p>\n<\/li>\n<li class=\"\" data-start=\"3572\" data-end=\"3615\">\n<p class=\"\" data-start=\"3574\" data-end=\"3615\">\ud83c\udf10 <strong data-start=\"3577\" data-end=\"3613\">Exp\u00e9dition dans le monde entier avec suivi<\/strong><\/p>\n<\/li>\n<li class=\"\" data-start=\"3616\" data-end=\"3653\">\n<p class=\"\" data-start=\"3618\" data-end=\"3653\">\ud83d\udd10 <strong data-start=\"3621\" data-end=\"3651\">Emballage discret et s\u00e9curis\u00e9<\/strong><\/p>\n<\/li>\n<li class=\"\" data-start=\"3654\" data-end=\"3696\">\n<p class=\"\" data-start=\"3656\" data-end=\"3696\">\ud83d\udcac <strong data-start=\"3659\" data-end=\"3694\">Assistance experte \u00e0 chaque commande<\/strong><\/p>\n<\/li>\n<li class=\"\" data-start=\"3697\" data-end=\"3733\">\n<p class=\"\" data-start=\"3699\" data-end=\"3733\">\ud83e\uddea <strong data-start=\"3702\" data-end=\"3733\">Qualit\u00e9 test\u00e9e et v\u00e9rifi\u00e9e<\/strong><\/p>\n<\/li>\n<\/ul>\n<h4 class=\"\" data-start=\"2486\" data-end=\"2509\"><strong data-start=\"2491\" data-end=\"2509\">Frais de livraison<\/strong><\/h4>\n<p class=\"\" data-start=\"2511\" data-end=\"2722\">Les frais de livraison varient selon la destination et le volume de la commande. Pour une estimation plus pr\u00e9cise, veuillez consulter votre panier ou contacter notre service client. La livraison est gratuite pour certaines commandes group\u00e9es dans certaines r\u00e9gions.<\/p>\n<h4 class=\"\" data-start=\"2724\" data-end=\"2751\"><strong data-start=\"2729\" data-end=\"2751\">Emballage et s\u00e9curit\u00e9<\/strong><\/h4>\n<p class=\"\" data-start=\"2753\" data-end=\"2995\">Nous veillons \u00e0 ce que <strong data-start=\"2768\" data-end=\"2796\">Caluanie Muelear Oxyder<\/strong> est emball\u00e9 de mani\u00e8re s\u00e9curis\u00e9e dans des conteneurs \u00e9tanches et r\u00e9sistants aux produits chimiques. Tous les envois sont clairement \u00e9tiquet\u00e9s avec les avertissements de danger et les instructions d&#039;entretien appropri\u00e9s pour garantir une manipulation s\u00fbre pendant le transport.<\/p>\n<h4 class=\"\" data-start=\"2997\" data-end=\"3029\"><strong data-start=\"3002\" data-end=\"3029\">Douanes et droits d&#039;importation<\/strong><\/h4>\n<p class=\"\" data-start=\"3031\" data-end=\"3213\">Les commandes internationales peuvent \u00eatre soumises \u00e0 des droits de douane ou \u00e0 des taxes d&#039;importation. Ces frais sont \u00e0 la charge de l&#039;acheteur. Veuillez contacter votre bureau de douane local pour plus d&#039;informations.<\/p>\n<h4 class=\"\" data-start=\"3215\" data-end=\"3261\"><strong data-start=\"3220\" data-end=\"3261\">Comment commander Caluanie Muelear Oxidize<\/strong><\/h4>\n<ul data-start=\"3263\" data-end=\"3478\">\n<li class=\"\" data-start=\"3263\" data-end=\"3337\">\n<p class=\"\" data-start=\"3265\" data-end=\"3337\">Parcourez notre site Web pour acheter Caluanie Muelear en ligne avec une exp\u00e9dition rapide en toute simplicit\u00e9.<\/p>\n<\/li>\n<li class=\"\" data-start=\"3338\" data-end=\"3407\">\n<p class=\"\" data-start=\"3340\" data-end=\"3407\">Choisissez la quantit\u00e9 et les options d&#039;exp\u00e9dition qui correspondent le mieux \u00e0 vos besoins.<\/p>\n<\/li>\n<li class=\"\" data-start=\"3408\" data-end=\"3478\">\n<p class=\"\" data-start=\"3410\" data-end=\"3478\">Finalisez votre achat et recevez un num\u00e9ro de suivi pour votre commande.<\/p>\n<\/li>\n<\/ul>\n<hr class=\"\" data-start=\"3735\" data-end=\"3738\" \/>\n<h2 data-start=\"3740\" data-end=\"3794\">\ud83d\udcde <strong data-start=\"3747\" data-end=\"3794\">Contact pour l&#039;assistance \u00e0 l&#039;exp\u00e9dition ou les commandes en gros<\/strong><\/h2>\n<p class=\"\" data-start=\"3796\" data-end=\"3876\">Besoins particuliers ou commandes importantes\u00a0? Contactez-nous directement\u00a0:<\/p>\n<p class=\"\" data-start=\"3878\" data-end=\"3987\">\ud83d\udce7 <strong data-start=\"3881\" data-end=\"3891\">E-mail:<\/strong> <a class=\"cursor-pointer\" rel=\"noopener\" data-start=\"3892\" data-end=\"3955\">infocaluanieshop@gmail.com<\/a><br data-start=\"3955\" data-end=\"3958\" \/>\ud83d\udcde <strong data-start=\"3961\" data-end=\"3971\">T\u00e9l\u00e9phone:<\/strong> +1 213 222 6615<\/p>","protected":false},"excerpt":{"rendered":"<p>Shipping Policy for Caluanie Muelear Oxidize &#8211; Fast Global Shipping At Caluanie Muelear Oxidize Store, we make it easy for you to buy Caluanie Muelear Oxidize online with fast shipping to your location. Whether you&#8217;re in the USA, Latin America, Asia, or anywhere else, we offer reliable and timely delivery options for our global customers. &hellip; <\/p>\n<p class=\"more-link-wrap\"><a href=\"https:\/\/caluaniemuelearoxidizeshop.com\/fr\/caluanie-muelear-global-shipping\/\" class=\"more-link\"><i class=\"opal-icon-plus\" aria-hidden=\"true\"><\/i><span>Read More<span class=\"screen-reader-text\"> &#8220;Shipping Policy&#8221;<\/span><\/span><\/a><\/p>","protected":false},"author":1,"featured_media":8449,"parent":0,"menu_order":0,"comment_status":"closed","ping_status":"closed","template":"","meta":{"inline_featured_image":false,"footnotes":""},"class_list":["post-8444","page","type-page","status-publish","has-post-thumbnail","hentry"],"jetpack_sharing_enabled":true,"_links":{"self":[{"href":"https:\/\/caluaniemuelearoxidizeshop.com\/fr\/wp-json\/wp\/v2\/pages\/8444","targetHints":{"allow":["GET"]}}],"collection":[{"href":"https:\/\/caluaniemuelearoxidizeshop.com\/fr\/wp-json\/wp\/v2\/pages"}],"about":[{"href":"https:\/\/caluaniemuelearoxidizeshop.com\/fr\/wp-json\/wp\/v2\/types\/page"}],"author":[{"embeddable":true,"href":"https:\/\/caluaniemuelearoxidizeshop.com\/fr\/wp-json\/wp\/v2\/users\/1"}],"replies":[{"embeddable":true,"href":"https:\/\/caluaniemuelearoxidizeshop.com\/fr\/wp-json\/wp\/v2\/comments?post=8444"}],"version-history":[{"count":4,"href":"https:\/\/caluaniemuelearoxidizeshop.com\/fr\/wp-json\/wp\/v2\/pages\/8444\/revisions"}],"predecessor-version":[{"id":8450,"href":"https:\/\/caluaniemuelearoxidizeshop.com\/fr\/wp-json\/wp\/v2\/pages\/8444\/revisions\/8450"}],"wp:featuredmedia":[{"embeddable":true,"href":"https:\/\/caluaniemuelearoxidizeshop.com\/fr\/wp-json\/wp\/v2\/media\/8449"}],"wp:attachment":[{"href":"https:\/\/caluaniemuelearoxidizeshop.com\/fr\/wp-json\/wp\/v2\/media?parent=8444"}],"curies":[{"name":"wp","href":"https:\/\/api.w.org\/{rel}","templated":true}]}}