{"id":8444,"date":"2025-05-07T05:24:46","date_gmt":"2025-05-07T05:24:46","guid":{"rendered":"https:\/\/caluaniemuelearoxidizeshop.com\/?page_id=8444"},"modified":"2025-05-07T05:36:52","modified_gmt":"2025-05-07T05:36:52","slug":"caluanie-muelear-global-shipping","status":"publish","type":"page","link":"https:\/\/caluaniemuelearoxidizeshop.com\/vi\/caluanie-muelear-global-shipping\/","title":{"rendered":"Ch\u00ednh s\u00e1ch v\u1eadn chuy\u1ec3n"},"content":{"rendered":"<h2 data-start=\"198\" data-end=\"273\"><strong data-start=\"202\" data-end=\"273\">Ch\u00ednh s\u00e1ch v\u1eadn chuy\u1ec3n cho Caluanie Muelear Oxidize \u2013 V\u1eadn chuy\u1ec3n to\u00e0n c\u1ea7u nhanh ch\u00f3ng<\/strong><\/h2>\n<p class=\"\" data-start=\"275\" data-end=\"559\">T\u1ea1i <strong data-start=\"278\" data-end=\"312\">C\u1eeda h\u00e0ng Caluanie Muelear Oxidize<\/strong>, ch\u00fang t\u00f4i gi\u00fap b\u1ea1n d\u1ec5 d\u00e0ng <strong data-start=\"341\" data-end=\"380\">mua Caluanie Muelear Oxidize tr\u1ef1c tuy\u1ebfn<\/strong> v\u1edbi <strong data-start=\"386\" data-end=\"403\">v\u1eadn chuy\u1ec3n nhanh<\/strong> \u0111\u1ebfn \u0111\u1ecba \u0111i\u1ec3m c\u1ee7a b\u1ea1n. Cho d\u00f9 b\u1ea1n \u1edf Hoa K\u1ef3, Ch\u00e2u M\u1ef9 Latinh, Ch\u00e2u \u00c1 hay b\u1ea5t k\u1ef3 n\u01a1i n\u00e0o kh\u00e1c, ch\u00fang t\u00f4i \u0111\u1ec1u cung c\u1ea5p c\u00e1c t\u00f9y ch\u1ecdn giao h\u00e0ng \u0111\u00e1ng tin c\u1eady v\u00e0 \u0111\u00fang h\u1ea1n cho kh\u00e1ch h\u00e0ng to\u00e0n c\u1ea7u c\u1ee7a m\u00ecnh.<\/p>\n<h2 data-start=\"561\" data-end=\"598\"><strong data-start=\"566\" data-end=\"598\">\u0110i\u1ec3m \u0111\u1ebfn v\u1eadn chuy\u1ec3n to\u00e0n c\u1ea7u<\/strong><\/h2>\n<p class=\"\" data-start=\"600\" data-end=\"665\">Ch\u00fang t\u00f4i t\u1ef1 h\u00e0o cung c\u1ea5p d\u1ecbch v\u1ee5 v\u1eadn chuy\u1ec3n qu\u1ed1c t\u1ebf \u0111\u1ebfn c\u00e1c khu v\u1ef1c sau:<\/p>\n<div class=\"_tableContainer_16hzy_1\">\n<div class=\"_tableWrapper_16hzy_14 group flex w-fit flex-col-reverse\" tabindex=\"-1\">\n<table class=\"w-fit min-w-(--thread-content-width)\" data-start=\"667\" data-end=\"1664\">\n<thead data-start=\"667\" data-end=\"773\">\n<tr data-start=\"667\" data-end=\"773\">\n<th data-start=\"667\" data-end=\"692\" data-col-size=\"sm\"><strong data-start=\"669\" data-end=\"679\">V\u00f9ng \u0111\u1ea5t<\/strong><\/th>\n<th data-start=\"692\" data-end=\"773\" data-col-size=\"md\"><strong data-start=\"694\" data-end=\"707\">C\u00e1c qu\u1ed1c gia<\/strong><\/th>\n<\/tr>\n<\/thead>\n<tbody data-start=\"881\" data-end=\"1664\">\n<tr data-start=\"881\" data-end=\"992\">\n<td data-start=\"881\" data-end=\"909\" data-col-size=\"sm\"><strong data-start=\"883\" data-end=\"900\">Hoa K\u1ef3<\/strong> \ud83c\uddfa\ud83c\uddf8<\/td>\n<td data-start=\"909\" data-end=\"992\" data-col-size=\"md\">T\u1ea5t c\u1ea3 c\u00e1c ti\u1ec3u bang, bao g\u1ed3m California, Texas, Florida v\u00e0 nhi\u1ec1u ti\u1ec3u bang kh\u00e1c<\/td>\n<\/tr>\n<tr data-start=\"993\" data-end=\"1109\">\n<td data-start=\"993\" data-end=\"1028\" data-col-size=\"sm\"><strong data-start=\"995\" data-end=\"1012\">Ch\u00e2u M\u1ef9 La Tinh<\/strong> \ud83c\udde7\ud83c\uddf7 \ud83c\uddf2\ud83c\uddfd \ud83c\udde6\ud83c\uddf7<\/td>\n<td data-col-size=\"md\" data-start=\"1028\" data-end=\"1109\">Brazil, Mexico, Argentina, Chile, Peru, Colombia, Ecuador v\u00e0 nhi\u1ec1u qu\u1ed1c gia kh\u00e1c<\/td>\n<\/tr>\n<tr data-start=\"1110\" data-end=\"1221\">\n<td data-start=\"1110\" data-end=\"1140\" data-col-size=\"sm\"><strong data-start=\"1112\" data-end=\"1120\">Ch\u00e2u \u00c1<\/strong> \ud83c\udde8\ud83c\uddf3 \ud83c\uddee\ud83c\uddf3 \ud83c\uddef\ud83c\uddf5<\/td>\n<td data-start=\"1140\" data-end=\"1221\" data-col-size=\"md\">Trung Qu\u1ed1c, \u1ea4n \u0110\u1ed9, Nh\u1eadt B\u1ea3n, H\u00e0n Qu\u1ed1c, Singapore, Th\u00e1i Lan, Philippines, v.v.<\/td>\n<\/tr>\n<tr data-start=\"1222\" data-end=\"1332\">\n<td data-start=\"1222\" data-end=\"1251\" data-col-size=\"sm\"><strong data-start=\"1224\" data-end=\"1234\">Ch\u00e2u \u00c2u<\/strong> \ud83c\uddec\ud83c\udde7 \ud83c\udde9\ud83c\uddea \ud83c\uddeb\ud83c\uddf7<\/td>\n<td data-col-size=\"md\" data-start=\"1251\" data-end=\"1332\">V\u01b0\u01a1ng qu\u1ed1c Anh, \u0110\u1ee9c, Ph\u00e1p, \u00dd, T\u00e2y Ban Nha v\u00e0 c\u00e1c n\u01b0\u1edbc EU kh\u00e1c<\/td>\n<\/tr>\n<tr data-start=\"1333\" data-end=\"1446\">\n<td data-start=\"1333\" data-end=\"1366\" data-col-size=\"sm\"><strong data-start=\"1335\" data-end=\"1350\">Trung \u0110\u00f4ng<\/strong> \ud83c\uddf8\ud83c\udde6 \ud83c\udde6\ud83c\uddea \ud83c\uddf6\ud83c\udde6<\/td>\n<td data-col-size=\"md\" data-start=\"1366\" data-end=\"1446\">\u1ea2 R\u1eadp X\u00ea \u00dat, UAE, Qatar, Kuwait, Bahrain, Oman<\/td>\n<\/tr>\n<tr data-start=\"1447\" data-end=\"1553\">\n<td data-start=\"1447\" data-end=\"1473\" data-col-size=\"sm\"><strong data-start=\"1449\" data-end=\"1459\">Ch\u00e2u phi<\/strong> \ud83c\udf0d<\/td>\n<td data-start=\"1473\" data-end=\"1553\" data-col-size=\"md\">Nam Phi, Ai C\u1eadp, Kenya, Nigeria, Morocco v\u00e0 c\u00e1c qu\u1ed1c gia ch\u00e2u Phi kh\u00e1c<\/td>\n<\/tr>\n<tr data-start=\"1554\" data-end=\"1664\">\n<td data-start=\"1554\" data-end=\"1584\" data-col-size=\"sm\"><strong data-start=\"1556\" data-end=\"1573\">C\u00e1c n\u01b0\u1edbc CIS<\/strong> \ud83c\uddf0\ud83c\uddff \ud83c\uddfa\ud83c\uddff<\/td>\n<td data-start=\"1584\" data-end=\"1664\" data-col-size=\"md\">Kazakhstan, Uzbekistan, Turkmenistan, Kyrgyzstan, Tajikistan v\u00e0 c\u00e1c n\u01b0\u1edbc kh\u00e1c<\/td>\n<\/tr>\n<\/tbody>\n<\/table>\n<div class=\"sticky end-(--thread-content-margin) h-0 self-end select-none\">\n<div class=\"absolute end-0 flex items-end\"><\/div>\n<\/div>\n<\/div>\n<\/div>\n<h2 data-start=\"1666\" data-end=\"1704\"><strong data-start=\"1671\" data-end=\"1704\">Th\u1eddi gian x\u1eed l\u00fd v\u00e0 v\u1eadn chuy\u1ec3n<\/strong><\/h2>\n<div class=\"_tableContainer_16hzy_1\">\n<div class=\"_tableWrapper_16hzy_14 group flex w-fit flex-col-reverse\" tabindex=\"-1\">\n<table class=\"w-fit min-w-(--thread-content-width)\" data-start=\"1706\" data-end=\"2484\">\n<thead data-start=\"1706\" data-end=\"1789\">\n<tr data-start=\"1706\" data-end=\"1789\">\n<th data-start=\"1706\" data-end=\"1729\" data-col-size=\"sm\"><strong data-start=\"1708\" data-end=\"1723\">\u0110i\u1ec3m \u0111\u1ebfn<\/strong><\/th>\n<th data-start=\"1729\" data-end=\"1761\" data-col-size=\"sm\"><strong data-start=\"1731\" data-end=\"1758\">Th\u1eddi gian giao h\u00e0ng \u01b0\u1edbc t\u00ednh<\/strong><\/th>\n<th data-start=\"1761\" data-end=\"1789\" data-col-size=\"sm\"><strong data-start=\"1763\" data-end=\"1782\">Th\u1eddi gian x\u1eed l\u00fd<\/strong><\/th>\n<\/tr>\n<\/thead>\n<tbody data-start=\"1874\" data-end=\"2484\">\n<tr data-start=\"1874\" data-end=\"1959\">\n<td data-start=\"1874\" data-end=\"1899\" data-col-size=\"sm\"><strong data-start=\"1876\" data-end=\"1883\">con nai<\/strong> \ud83c\uddfa\ud83c\uddf8<\/td>\n<td data-col-size=\"sm\" data-start=\"1899\" data-end=\"1931\">3-5 ng\u00e0y l\u00e0m vi\u1ec7c<\/td>\n<td data-col-size=\"sm\" data-start=\"1931\" data-end=\"1959\">1-2 ng\u00e0y l\u00e0m vi\u1ec7c<\/td>\n<\/tr>\n<tr data-start=\"1960\" data-end=\"2046\">\n<td data-start=\"1960\" data-end=\"1986\" data-col-size=\"sm\"><strong data-start=\"1962\" data-end=\"1979\">Ch\u00e2u M\u1ef9 La Tinh<\/strong> \ud83c\udde7\ud83c\uddf7<\/td>\n<td data-col-size=\"sm\" data-start=\"1986\" data-end=\"2018\">5-7 ng\u00e0y l\u00e0m vi\u1ec7c<\/td>\n<td data-col-size=\"sm\" data-start=\"2018\" data-end=\"2046\">1-2 ng\u00e0y l\u00e0m vi\u1ec7c<\/td>\n<\/tr>\n<tr data-start=\"2047\" data-end=\"2135\">\n<td data-start=\"2047\" data-end=\"2075\" data-col-size=\"sm\"><strong data-start=\"2049\" data-end=\"2057\">Ch\u00e2u \u00c1<\/strong> \ud83c\udde8\ud83c\uddf3 \ud83c\uddee\ud83c\uddf3 \ud83c\uddef\ud83c\uddf5<\/td>\n<td data-col-size=\"sm\" data-start=\"2075\" data-end=\"2107\">5-10 ng\u00e0y l\u00e0m vi\u1ec7c<\/td>\n<td data-col-size=\"sm\" data-start=\"2107\" data-end=\"2135\">1-2 ng\u00e0y l\u00e0m vi\u1ec7c<\/td>\n<\/tr>\n<tr data-start=\"2136\" data-end=\"2224\">\n<td data-start=\"2136\" data-end=\"2164\" data-col-size=\"sm\"><strong data-start=\"2138\" data-end=\"2148\">Ch\u00e2u \u00c2u<\/strong> \ud83c\uddec\ud83c\udde7 \ud83c\udde9\ud83c\uddea \ud83c\uddeb\ud83c\uddf7<\/td>\n<td data-col-size=\"sm\" data-start=\"2164\" data-end=\"2196\">4-7 ng\u00e0y l\u00e0m vi\u1ec7c<\/td>\n<td data-col-size=\"sm\" data-start=\"2196\" data-end=\"2224\">1-2 ng\u00e0y l\u00e0m vi\u1ec7c<\/td>\n<\/tr>\n<tr data-start=\"2225\" data-end=\"2312\">\n<td data-start=\"2225\" data-end=\"2252\" data-col-size=\"sm\"><strong data-start=\"2227\" data-end=\"2242\">Trung \u0110\u00f4ng<\/strong> \ud83c\uddf8\ud83c\udde6 \ud83c\udde6\ud83c\uddea<\/td>\n<td data-start=\"2252\" data-end=\"2284\" data-col-size=\"sm\">5-7 ng\u00e0y l\u00e0m vi\u1ec7c<\/td>\n<td data-start=\"2284\" data-end=\"2312\" data-col-size=\"sm\">1-2 ng\u00e0y l\u00e0m vi\u1ec7c<\/td>\n<\/tr>\n<tr data-start=\"2313\" data-end=\"2397\">\n<td data-start=\"2313\" data-end=\"2337\" data-col-size=\"sm\"><strong data-start=\"2315\" data-end=\"2325\">Ch\u00e2u phi<\/strong> \ud83c\udf0d<\/td>\n<td data-start=\"2337\" data-end=\"2369\" data-col-size=\"sm\">5-10 ng\u00e0y l\u00e0m vi\u1ec7c<\/td>\n<td data-start=\"2369\" data-end=\"2397\" data-col-size=\"sm\">1-2 ng\u00e0y l\u00e0m vi\u1ec7c<\/td>\n<\/tr>\n<tr data-start=\"2398\" data-end=\"2484\">\n<td data-start=\"2398\" data-end=\"2424\" data-col-size=\"sm\"><strong data-start=\"2400\" data-end=\"2417\">C\u00e1c n\u01b0\u1edbc CIS<\/strong> \ud83c\uddf0\ud83c\uddff<\/td>\n<td data-start=\"2424\" data-end=\"2456\" data-col-size=\"sm\">5-10 ng\u00e0y l\u00e0m vi\u1ec7c<\/td>\n<td data-start=\"2456\" data-end=\"2484\" data-col-size=\"sm\">1-2 ng\u00e0y l\u00e0m vi\u1ec7c<\/td>\n<\/tr>\n<\/tbody>\n<\/table>\n<\/div>\n<\/div>\n<hr class=\"\" data-start=\"2141\" data-end=\"2144\" \/>\n<h2 data-start=\"2146\" data-end=\"2196\">\ud83d\udd10 <strong data-start=\"2153\" data-end=\"2196\">Bao b\u00ec k\u00edn \u0111\u00e1o &amp; B\u1ea3o v\u1ec7 quy\u1ec1n ri\u00eang t\u01b0<\/strong><\/h2>\n<ul data-start=\"2198\" data-end=\"2506\">\n<li class=\"\" data-start=\"2198\" data-end=\"2279\">\n<p class=\"\" data-start=\"2200\" data-end=\"2279\">T\u1ea5t c\u1ea3 <strong data-start=\"2204\" data-end=\"2232\">Caluanie Muelear Oxidize<\/strong> \u0111\u01a1n h\u00e0ng \u0111\u01b0\u1ee3c v\u1eadn chuy\u1ec3n trong <strong data-start=\"2255\" data-end=\"2277\">bao b\u00ec kh\u00f4ng c\u00f3 nh\u00e3n hi\u1ec7u<\/strong><\/p>\n<\/li>\n<li class=\"\" data-start=\"2280\" data-end=\"2339\">\n<p class=\"\" data-start=\"2282\" data-end=\"2339\">Kh\u00f4ng c\u00f3 t\u00ean s\u1ea3n ph\u1ea9m ho\u1eb7c ch\u1ec9 s\u1ed1 h\u00f3a h\u1ecdc \u1edf b\u00ean ngo\u00e0i<\/p>\n<\/li>\n<li class=\"\" data-start=\"2340\" data-end=\"2445\">\n<p class=\"\" data-start=\"2342\" data-end=\"2445\">B\u1ea3o v\u1ec7 d\u1eef li\u1ec7u \u0111\u01b0\u1ee3c \u0111\u1ea3m b\u1ea3o \u2014 th\u00f4ng tin c\u00e1 nh\u00e2n v\u00e0 v\u1eadn chuy\u1ec3n c\u1ee7a b\u1ea1n l\u00e0 <strong data-start=\"2413\" data-end=\"2443\">\u0111\u01b0\u1ee3c m\u00e3 h\u00f3a v\u00e0 b\u1ea3o m\u1eadt<\/strong><\/p>\n<\/li>\n<li class=\"\" data-start=\"2446\" data-end=\"2506\">\n<p class=\"\" data-start=\"2448\" data-end=\"2506\">Ch\u00fang t\u00f4i <strong data-start=\"2451\" data-end=\"2466\">kh\u00f4ng bao gi\u1edd chia s\u1ebb<\/strong> th\u00f4ng tin kh\u00e1ch h\u00e0ng v\u1edbi b\u00ean th\u1ee9 ba<\/p>\n<\/li>\n<\/ul>\n<hr class=\"\" data-start=\"2508\" data-end=\"2511\" \/>\n<h2 data-start=\"2513\" data-end=\"2570\">\u26a0\ufe0f <strong data-start=\"2520\" data-end=\"2570\">Tu\u00e2n th\u1ee7 quy \u0111\u1ecbnh &amp; V\u1eadn chuy\u1ec3n h\u00f3a ch\u1ea5t an to\u00e0n<\/strong><\/h2>\n<p class=\"\" data-start=\"2572\" data-end=\"2660\">S\u1ea3n ph\u1ea9m c\u1ee7a ch\u00fang t\u00f4i \u0111\u01b0\u1ee3c v\u1eadn chuy\u1ec3n trong <strong data-start=\"2600\" data-end=\"2643\">th\u00f9ng ch\u1ee9a ch\u1ed1ng h\u00f3a ch\u1ea5t \u0111\u01b0\u1ee3c ch\u1ee9ng nh\u1eadn<\/strong>. Ch\u00fang t\u00f4i tu\u00e2n th\u1ee7:<\/p>\n<ul data-start=\"2662\" data-end=\"2796\">\n<li class=\"\" data-start=\"2662\" data-end=\"2709\">\n<p class=\"\" data-start=\"2664\" data-end=\"2709\"><strong data-start=\"2664\" data-end=\"2672\">XEM N\u00d3I<\/strong> (V\u1eadn chuy\u1ec3n h\u00e0ng h\u00f3a nguy hi\u1ec3m b\u1eb1ng \u0111\u01b0\u1eddng h\u00e0ng kh\u00f4ng)<\/p>\n<\/li>\n<li class=\"\" data-start=\"2710\" data-end=\"2753\">\n<p class=\"\" data-start=\"2712\" data-end=\"2753\"><strong data-start=\"2712\" data-end=\"2720\">IMDG<\/strong> (Tu\u00e2n th\u1ee7 v\u1eadn t\u1ea3i bi\u1ec3n)<\/p>\n<\/li>\n<li class=\"\" data-start=\"2754\" data-end=\"2796\">\n<p class=\"\" data-start=\"2756\" data-end=\"2796\"><strong data-start=\"2756\" data-end=\"2763\">ADR<\/strong> (An to\u00e0n giao th\u00f4ng \u0111\u01b0\u1eddng b\u1ed9 Ch\u00e2u \u00c2u)<\/p>\n<\/li>\n<\/ul>\n<p class=\"\" data-start=\"2798\" data-end=\"2916\">T\u1ea5t c\u1ea3 c\u00e1c l\u00f4 h\u00e0ng bao g\u1ed3m ph\u00f9 h\u1ee3p <strong data-start=\"2832\" data-end=\"2849\">nh\u00e3n nguy hi\u1ec3m<\/strong>, <strong data-start=\"2851\" data-end=\"2872\">gi\u1ea5y t\u1edd h\u1ea3i quan<\/strong>, V\u00e0 <strong data-start=\"2878\" data-end=\"2903\">h\u01b0\u1edbng d\u1eabn x\u1eed l\u00fd<\/strong> theo y\u00eau c\u1ea7u.<\/p>\n<hr class=\"\" data-start=\"2918\" data-end=\"2921\" \/>\n<h2 data-start=\"2923\" data-end=\"2967\">\ud83d\udd52 <strong data-start=\"2930\" data-end=\"2967\">Quy tr\u00ecnh x\u1eed l\u00fd \u0111\u01a1n h\u00e0ng v\u00e0 giao h\u00e0ng<\/strong><\/h2>\n<ul data-start=\"2969\" data-end=\"3162\">\n<li class=\"\" data-start=\"2969\" data-end=\"3018\">\n<p class=\"\" data-start=\"2971\" data-end=\"3018\"><strong data-start=\"2971\" data-end=\"2991\">Th\u1eddi gian x\u1eed l\u00fd:<\/strong> Trong v\u00f2ng 1\u20132 ng\u00e0y l\u00e0m vi\u1ec7c<\/p>\n<\/li>\n<li class=\"\" data-start=\"3019\" data-end=\"3089\">\n<p class=\"\" data-start=\"3021\" data-end=\"3089\"><strong data-start=\"3021\" data-end=\"3034\">Theo d\u00f5i:<\/strong> T\u1ea5t c\u1ea3 c\u00e1c \u0111\u01a1n h\u00e0ng \u0111\u1ec1u \u0111i k\u00e8m v\u1edbi m\u1ed9t <strong data-start=\"3058\" data-end=\"3087\">s\u1ed1 theo d\u00f5i th\u1eddi gian th\u1ef1c<\/strong><\/p>\n<\/li>\n<li class=\"\" data-start=\"3090\" data-end=\"3162\">\n<p class=\"\" data-start=\"3092\" data-end=\"3162\"><strong data-start=\"3092\" data-end=\"3105\">Nh\u00e0 cung c\u1ea5p:<\/strong> Ch\u00fang t\u00f4i l\u00e0m vi\u1ec7c v\u1edbi <strong data-start=\"3119\" data-end=\"3126\">DHL<\/strong>, <strong data-start=\"3128\" data-end=\"3137\">FedEx<\/strong>, <strong data-start=\"3139\" data-end=\"3146\">B\u1ed9 l\u01b0u \u0111i\u1ec7n<\/strong>, V\u00e0 <strong data-start=\"3152\" data-end=\"3162\">Aramex<\/strong><\/p>\n<\/li>\n<\/ul>\n<hr class=\"\" data-start=\"3164\" data-end=\"3167\" \/>\n<h2 data-start=\"3169\" data-end=\"3213\">\ud83d\udee1\ufe0f <strong data-start=\"3177\" data-end=\"3213\">\u0110\u01a1n h\u00e0ng b\u1ecb m\u1ea5t, h\u01b0 h\u1ecfng ho\u1eb7c ch\u1eadm tr\u1ec5<\/strong><\/h2>\n<p class=\"\" data-start=\"3215\" data-end=\"3253\">N\u1ebfu b\u1ea1n g\u1eb7p b\u1ea5t k\u1ef3 v\u1ea5n \u0111\u1ec1 n\u00e0o v\u1ec1 v\u1eadn chuy\u1ec3n:<\/p>\n<ul data-start=\"3255\" data-end=\"3456\">\n<li class=\"\" data-start=\"3255\" data-end=\"3326\">\n<p class=\"\" data-start=\"3257\" data-end=\"3326\">\ud83d\udce9 Li\u00ean h\u1ec7 v\u1edbi ch\u00fang t\u00f4i trong <strong data-start=\"3278\" data-end=\"3290\">48 gi\u1edd<\/strong> c\u1ee7a vi\u1ec7c giao h\u00e0ng ho\u1eb7c c\u1ed1 g\u1eafng giao h\u00e0ng<\/p>\n<\/li>\n<li class=\"\" data-start=\"3327\" data-end=\"3379\">\n<p class=\"\" data-start=\"3329\" data-end=\"3379\">\ud83d\udcf7 Cung c\u1ea5p h\u00ecnh \u1ea3nh h\u1ed7 tr\u1ee3 (\u0111\u1ed1i v\u1edbi h\u00e0ng h\u00f3a b\u1ecb h\u01b0 h\u1ecfng)<\/p>\n<\/li>\n<li class=\"\" data-start=\"3380\" data-end=\"3456\">\n<p class=\"\" data-start=\"3382\" data-end=\"3456\">\u2705 Ch\u00fang t\u00f4i s\u1ebd gi\u1ea3i quy\u1ebft b\u1eb1ng <strong data-start=\"3407\" data-end=\"3422\">thay th\u1ebf<\/strong> ho\u1eb7c <strong data-start=\"3426\" data-end=\"3441\">ho\u00e0n l\u1ea1i to\u00e0n b\u1ed9 ti\u1ec1n<\/strong>, khi \u00e1p d\u1ee5ng<\/p>\n<\/li>\n<\/ul>\n<hr class=\"\" data-start=\"3458\" data-end=\"3461\" \/>\n<h2 data-start=\"3463\" data-end=\"3515\">\ud83d\udd11 <strong data-start=\"3470\" data-end=\"3515\">T\u1ea1i sao n\u00ean mua Caluanie Muelear tr\u1ef1c tuy\u1ebfn v\u1edbi d\u1ecbch v\u1ee5 giao h\u00e0ng nhanh t\u1eeb ch\u00fang t\u00f4i?<\/strong><\/h2>\n<ul data-start=\"3517\" data-end=\"3733\">\n<li class=\"\" data-start=\"3517\" data-end=\"3571\">\n<p class=\"\" data-start=\"3519\" data-end=\"3571\">\u2705 <strong data-start=\"3521\" data-end=\"3569\">B\u00e1n Caluanie c\u1ea5p c\u00f4ng nghi\u1ec7p ch\u00ednh h\u00e3ng<\/strong><\/p>\n<\/li>\n<li class=\"\" data-start=\"3572\" data-end=\"3615\">\n<p class=\"\" data-start=\"3574\" data-end=\"3615\">\ud83c\udf10 <strong data-start=\"3577\" data-end=\"3613\">V\u1eadn chuy\u1ec3n tr\u00ean to\u00e0n th\u1ebf gi\u1edbi v\u1edbi theo d\u00f5i<\/strong><\/p>\n<\/li>\n<li class=\"\" data-start=\"3616\" data-end=\"3653\">\n<p class=\"\" data-start=\"3618\" data-end=\"3653\">\ud83d\udd10 <strong data-start=\"3621\" data-end=\"3651\">\u0110\u00f3ng g\u00f3i k\u00edn \u0111\u00e1o, an to\u00e0n<\/strong><\/p>\n<\/li>\n<li class=\"\" data-start=\"3654\" data-end=\"3696\">\n<p class=\"\" data-start=\"3656\" data-end=\"3696\">\ud83d\udcac <strong data-start=\"3659\" data-end=\"3694\">H\u1ed7 tr\u1ee3 chuy\u00ean gia v\u1edbi m\u1ecdi \u0111\u01a1n h\u00e0ng<\/strong><\/p>\n<\/li>\n<li class=\"\" data-start=\"3697\" data-end=\"3733\">\n<p class=\"\" data-start=\"3699\" data-end=\"3733\">\ud83e\uddea <strong data-start=\"3702\" data-end=\"3733\">Ch\u1ea5t l\u01b0\u1ee3ng \u0111\u00e3 \u0111\u01b0\u1ee3c ki\u1ec3m tra v\u00e0 x\u00e1c minh<\/strong><\/p>\n<\/li>\n<\/ul>\n<h4 class=\"\" data-start=\"2486\" data-end=\"2509\"><strong data-start=\"2491\" data-end=\"2509\">Chi ph\u00ed v\u1eadn chuy\u1ec3n<\/strong><\/h4>\n<p class=\"\" data-start=\"2511\" data-end=\"2722\">Chi ph\u00ed v\u1eadn chuy\u1ec3n thay \u0111\u1ed5i t\u00f9y theo \u0111i\u1ec3m \u0111\u1ebfn v\u00e0 k\u00edch th\u01b0\u1edbc \u0111\u01a1n h\u00e0ng. \u0110\u1ec3 \u01b0\u1edbc t\u00ednh ch\u00ednh x\u00e1c h\u01a1n, vui l\u00f2ng ki\u1ec3m tra gi\u1ecf h\u00e0ng c\u1ee7a b\u1ea1n ho\u1eb7c li\u00ean h\u1ec7 v\u1edbi nh\u00f3m d\u1ecbch v\u1ee5 kh\u00e1ch h\u00e0ng c\u1ee7a ch\u00fang t\u00f4i. Ch\u00fang t\u00f4i cung c\u1ea5p d\u1ecbch v\u1ee5 v\u1eadn chuy\u1ec3n mi\u1ec5n ph\u00ed cho c\u00e1c \u0111\u01a1n h\u00e0ng s\u1ed1 l\u01b0\u1ee3ng l\u1edbn \u0111\u01b0\u1ee3c ch\u1ecdn \u0111\u1ebfn m\u1ed9t s\u1ed1 khu v\u1ef1c nh\u1ea5t \u0111\u1ecbnh.<\/p>\n<h4 class=\"\" data-start=\"2724\" data-end=\"2751\"><strong data-start=\"2729\" data-end=\"2751\">Bao b\u00ec &amp; An to\u00e0n<\/strong><\/h4>\n<p class=\"\" data-start=\"2753\" data-end=\"2995\">Ch\u00fang t\u00f4i \u0111\u1ea3m b\u1ea3o r\u1eb1ng <strong data-start=\"2768\" data-end=\"2796\">Caluanie Muelear Oxidize<\/strong> \u0111\u01b0\u1ee3c \u0111\u00f3ng g\u00f3i an to\u00e0n b\u1eb1ng c\u00e1c th\u00f9ng ch\u1ee9a ch\u1ed1ng r\u00f2 r\u1ec9, ch\u1ed1ng h\u00f3a ch\u1ea5t. T\u1ea5t c\u1ea3 c\u00e1c l\u00f4 h\u00e0ng \u0111\u1ec1u \u0111\u01b0\u1ee3c d\u00e1n nh\u00e3n r\u00f5 r\u00e0ng v\u1edbi c\u00e1c c\u1ea3nh b\u00e1o nguy hi\u1ec3m v\u00e0 h\u01b0\u1edbng d\u1eabn ch\u0103m s\u00f3c ph\u00f9 h\u1ee3p \u0111\u1ec3 \u0111\u1ea3m b\u1ea3o x\u1eed l\u00fd an to\u00e0n trong qu\u00e1 tr\u00ecnh v\u1eadn chuy\u1ec3n.<\/p>\n<h4 class=\"\" data-start=\"2997\" data-end=\"3029\"><strong data-start=\"3002\" data-end=\"3029\">Thu\u1ebf h\u1ea3i quan v\u00e0 nh\u1eadp kh\u1ea9u<\/strong><\/h4>\n<p class=\"\" data-start=\"3031\" data-end=\"3213\">\u0110\u01a1n h\u00e0ng qu\u1ed1c t\u1ebf c\u00f3 th\u1ec3 ph\u1ea3i ch\u1ecbu thu\u1ebf h\u1ea3i quan ho\u1eb7c thu\u1ebf nh\u1eadp kh\u1ea9u. C\u00e1c kho\u1ea3n ph\u00ed n\u00e0y do ng\u01b0\u1eddi mua ch\u1ecbu tr\u00e1ch nhi\u1ec7m. Vui l\u00f2ng tham kh\u1ea3o c\u01a1 quan h\u1ea3i quan \u0111\u1ecba ph\u01b0\u01a1ng \u0111\u1ec3 bi\u1ebft th\u00eam chi ti\u1ebft.<\/p>\n<h4 class=\"\" data-start=\"3215\" data-end=\"3261\"><strong data-start=\"3220\" data-end=\"3261\">C\u00e1ch \u0111\u1eb7t mua Caluanie Muelear Oxidize<\/strong><\/h4>\n<ul data-start=\"3263\" data-end=\"3478\">\n<li class=\"\" data-start=\"3263\" data-end=\"3337\">\n<p class=\"\" data-start=\"3265\" data-end=\"3337\">Duy\u1ec7t trang web c\u1ee7a ch\u00fang t\u00f4i \u0111\u1ec3 mua Caluanie Muelear tr\u1ef1c tuy\u1ebfn v\u1edbi d\u1ecbch v\u1ee5 giao h\u00e0ng nhanh ch\u00f3ng v\u00e0 d\u1ec5 d\u00e0ng.<\/p>\n<\/li>\n<li class=\"\" data-start=\"3338\" data-end=\"3407\">\n<p class=\"\" data-start=\"3340\" data-end=\"3407\">Ch\u1ecdn s\u1ed1 l\u01b0\u1ee3ng v\u00e0 ph\u01b0\u01a1ng th\u1ee9c v\u1eadn chuy\u1ec3n ph\u00f9 h\u1ee3p nh\u1ea5t v\u1edbi nhu c\u1ea7u c\u1ee7a b\u1ea1n.<\/p>\n<\/li>\n<li class=\"\" data-start=\"3408\" data-end=\"3478\">\n<p class=\"\" data-start=\"3410\" data-end=\"3478\">Ho\u00e0n t\u1ea5t giao d\u1ecbch mua h\u00e0ng v\u00e0 nh\u1eadn m\u00e3 theo d\u00f5i cho \u0111\u01a1n h\u00e0ng c\u1ee7a b\u1ea1n.<\/p>\n<\/li>\n<\/ul>\n<hr class=\"\" data-start=\"3735\" data-end=\"3738\" \/>\n<h2 data-start=\"3740\" data-end=\"3794\">\ud83d\udcde <strong data-start=\"3747\" data-end=\"3794\">Li\u00ean h\u1ec7 \u0111\u1ec3 \u0111\u01b0\u1ee3c h\u1ed7 tr\u1ee3 v\u1eadn chuy\u1ec3n ho\u1eb7c \u0111\u1eb7t h\u00e0ng s\u1ed1 l\u01b0\u1ee3ng l\u1edbn<\/strong><\/h2>\n<p class=\"\" data-start=\"3796\" data-end=\"3876\">B\u1ea1n c\u00f3 y\u00eau c\u1ea7u \u0111\u1eb7c bi\u1ec7t ho\u1eb7c \u0111\u01a1n h\u00e0ng s\u1ed1 l\u01b0\u1ee3ng l\u1edbn? H\u00e3y li\u00ean h\u1ec7 tr\u1ef1c ti\u1ebfp v\u1edbi ch\u00fang t\u00f4i:<\/p>\n<p class=\"\" data-start=\"3878\" data-end=\"3987\">\ud83d\udce7 <strong data-start=\"3881\" data-end=\"3891\">E-mail:<\/strong> <a class=\"cursor-pointer\" rel=\"noopener\" data-start=\"3892\" data-end=\"3955\">infocaluanieshop@gmail.com<\/a><br data-start=\"3955\" data-end=\"3958\" \/>\ud83d\udcde <strong data-start=\"3961\" data-end=\"3971\">\u0110i\u1ec7n tho\u1ea1i:<\/strong> +1 213 222 6615<\/p>","protected":false},"excerpt":{"rendered":"<p>Shipping Policy for Caluanie Muelear Oxidize &#8211; Fast Global Shipping At Caluanie Muelear Oxidize Store, we make it easy for you to buy Caluanie Muelear Oxidize online with fast shipping to your location. Whether you&#8217;re in the USA, Latin America, Asia, or anywhere else, we offer reliable and timely delivery options for our global customers. &hellip; <\/p>\n<p class=\"more-link-wrap\"><a href=\"https:\/\/caluaniemuelearoxidizeshop.com\/vi\/caluanie-muelear-global-shipping\/\" class=\"more-link\"><i class=\"opal-icon-plus\" aria-hidden=\"true\"><\/i><span>Read More<span class=\"screen-reader-text\"> &#8220;Shipping Policy&#8221;<\/span><\/span><\/a><\/p>","protected":false},"author":1,"featured_media":8449,"parent":0,"menu_order":0,"comment_status":"closed","ping_status":"closed","template":"","meta":{"inline_featured_image":false,"footnotes":""},"class_list":["post-8444","page","type-page","status-publish","has-post-thumbnail","hentry"],"jetpack_sharing_enabled":true,"_links":{"self":[{"href":"https:\/\/caluaniemuelearoxidizeshop.com\/vi\/wp-json\/wp\/v2\/pages\/8444","targetHints":{"allow":["GET"]}}],"collection":[{"href":"https:\/\/caluaniemuelearoxidizeshop.com\/vi\/wp-json\/wp\/v2\/pages"}],"about":[{"href":"https:\/\/caluaniemuelearoxidizeshop.com\/vi\/wp-json\/wp\/v2\/types\/page"}],"author":[{"embeddable":true,"href":"https:\/\/caluaniemuelearoxidizeshop.com\/vi\/wp-json\/wp\/v2\/users\/1"}],"replies":[{"embeddable":true,"href":"https:\/\/caluaniemuelearoxidizeshop.com\/vi\/wp-json\/wp\/v2\/comments?post=8444"}],"version-history":[{"count":4,"href":"https:\/\/caluaniemuelearoxidizeshop.com\/vi\/wp-json\/wp\/v2\/pages\/8444\/revisions"}],"predecessor-version":[{"id":8450,"href":"https:\/\/caluaniemuelearoxidizeshop.com\/vi\/wp-json\/wp\/v2\/pages\/8444\/revisions\/8450"}],"wp:featuredmedia":[{"embeddable":true,"href":"https:\/\/caluaniemuelearoxidizeshop.com\/vi\/wp-json\/wp\/v2\/media\/8449"}],"wp:attachment":[{"href":"https:\/\/caluaniemuelearoxidizeshop.com\/vi\/wp-json\/wp\/v2\/media?parent=8444"}],"curies":[{"name":"wp","href":"https:\/\/api.w.org\/{rel}","templated":true}]}}