{"id":8451,"date":"2025-05-07T05:45:45","date_gmt":"2025-05-07T05:45:45","guid":{"rendered":"https:\/\/caluaniemuelearoxidizeshop.com\/?page_id=8451"},"modified":"2025-05-07T06:01:40","modified_gmt":"2025-05-07T06:01:40","slug":"caluanie-muelear-oxidize-guarantee","status":"publish","type":"page","link":"https:\/\/caluaniemuelearoxidizeshop.com\/vi\/caluanie-muelear-oxidize-guarantee\/","title":{"rendered":"B\u1ea3o \u0111\u1ea3m"},"content":{"rendered":"<h2 class=\"\" data-start=\"172\" data-end=\"235\"><strong data-start=\"175\" data-end=\"235\">\u0110\u1ea3m b\u1ea3o oxy h\u00f3a c\u1ee7a Caluanie Muelear \u2013 Mua h\u00e0ng v\u1edbi s\u1ef1 t\u1ef1 tin<\/strong><\/h2>\n<p class=\"\" data-start=\"237\" data-end=\"583\">T\u1ea1i <strong data-start=\"240\" data-end=\"273\">Caluanie Muelear Oxidize Shop<\/strong>, ch\u00fang t\u00f4i cam k\u1ebft cung c\u1ea5p c\u00e1c s\u1ea3n ph\u1ea9m ch\u1ea5t l\u01b0\u1ee3ng cao nh\u1ea5t cho kh\u00e1ch h\u00e0ng tr\u00ean to\u00e0n th\u1ebf gi\u1edbi. Khi b\u1ea1n ch\u1ecdn <a href=\"https:\/\/caluaniemuelearoxidizeshop.com\/vi\/caluanie-muelear-global-shipping\/\"><strong data-start=\"382\" data-end=\"421\">mua Caluanie Muelear Oxidize tr\u1ef1c tuy\u1ebfn<\/strong><\/a>, b\u1ea1n c\u00f3 th\u1ec3 tin t\u01b0\u1edfng r\u1eb1ng vi\u1ec7c mua h\u00e0ng c\u1ee7a b\u1ea1n \u0111\u01b0\u1ee3c h\u1ed7 tr\u1ee3 b\u1edfi ch\u00fang t\u00f4i <strong data-start=\"473\" data-end=\"511\">B\u1ea3o h\u00e0nh oxy h\u00f3a c\u1ee7a Caluanie Muelear<\/strong>. Ch\u00fang t\u00f4i \u0111\u1ea3m b\u1ea3o t\u00ednh x\u00e1c th\u1ef1c, ch\u1ea5t l\u01b0\u1ee3ng v\u00e0 s\u1ef1 h\u00e0i l\u00f2ng v\u1edbi m\u1ecdi \u0111\u01a1n h\u00e0ng.<\/p>\n<h2 class=\"\" data-start=\"585\" data-end=\"641\"><strong data-start=\"588\" data-end=\"641\">T\u1ea1i sao n\u00ean tin t\u01b0\u1edfng v\u00e0o cam k\u1ebft ch\u1ed1ng oxy h\u00f3a c\u1ee7a Caluanie Muelear?<\/strong><\/h2>\n<h3 class=\"\" data-start=\"643\" data-end=\"685\"><strong data-start=\"647\" data-end=\"685\">Caluanie Muelear Oxidize ch\u00ednh h\u00e3ng<\/strong><\/h3>\n<ul data-start=\"686\" data-end=\"1002\">\n<li class=\"\" data-start=\"686\" data-end=\"839\">\n<p class=\"\" data-start=\"688\" data-end=\"839\">Ch\u00fang t\u00f4i \u0111\u1ea3m b\u1ea3o r\u1eb1ng t\u1ea5t c\u1ea3 <strong data-start=\"710\" data-end=\"738\">Caluanie Muelear Oxidize<\/strong> S\u1ea3n ph\u1ea9m 100% ch\u00ednh h\u00e3ng v\u00e0 tr\u1ea3i qua qu\u00e1 tr\u00ecnh th\u1eed nghi\u1ec7m nghi\u00eam ng\u1eb7t trong ph\u00f2ng th\u00ed nghi\u1ec7m \u0111\u1ec3 \u0111\u1ea3m b\u1ea3o \u0111\u1ed9 tinh khi\u1ebft v\u00e0 hi\u1ec7u qu\u1ea3.<\/p>\n<\/li>\n<li class=\"\" data-start=\"840\" data-end=\"1002\">\n<p class=\"\" data-start=\"842\" data-end=\"1002\">Ch\u1ea5t l\u01b0\u1ee3ng cao c\u1ee7a ch\u00fang t\u00f4i <strong data-start=\"859\" data-end=\"887\">Caluanie Muelear Oxidize<\/strong> \u0111\u01b0\u1ee3c cung c\u1ea5p t\u1eeb c\u00e1c nh\u00e0 cung c\u1ea5p \u0111\u00e1ng tin c\u1eady, mang \u0111\u1ebfn gi\u1ea3i ph\u00e1p \u0111\u00e1ng tin c\u1eady cho nhi\u1ec1u \u1ee9ng d\u1ee5ng c\u00f4ng nghi\u1ec7p v\u00e0 nghi\u00ean c\u1ee9u.<\/p>\n<\/li>\n<\/ul>\n<h3 class=\"\" data-start=\"1004\" data-end=\"1038\"><strong data-start=\"1008\" data-end=\"1038\">V\u1eadn chuy\u1ec3n nhanh ch\u00f3ng v\u00e0 \u0111\u00e1ng tin c\u1eady<\/strong><\/h3>\n<ul data-start=\"1039\" data-end=\"1399\">\n<li class=\"\" data-start=\"1039\" data-end=\"1210\">\n<p class=\"\" data-start=\"1041\" data-end=\"1210\"><strong data-start=\"1041\" data-end=\"1080\">Mua Caluanie Muelear Oxidize tr\u1ef1c tuy\u1ebfn<\/strong> v\u00e0 t\u1eadn h\u01b0\u1edfng <strong data-start=\"1091\" data-end=\"1108\">v\u1eadn chuy\u1ec3n nhanh<\/strong> tr\u00ean to\u00e0n th\u1ebf gi\u1edbi. Ch\u00fang t\u00f4i \u01b0u ti\u00ean giao h\u00e0ng nhanh ch\u00f3ng v\u00e0 an to\u00e0n, \u0111\u1ea3m b\u1ea3o s\u1ea3n ph\u1ea9m c\u1ee7a b\u1ea1n \u0111\u1ebfn n\u01a1i an to\u00e0n v\u00e0 \u0111\u00fang h\u1ea1n.<\/p>\n<\/li>\n<li class=\"\" data-start=\"1211\" data-end=\"1399\">\n<p class=\"\" data-start=\"1213\" data-end=\"1399\">Cho d\u00f9 b\u1ea1n \u0111ang \u0111\u1eb7t h\u00e0ng cho <strong data-start=\"1241\" data-end=\"1266\">ch\u1ebf bi\u1ebfn c\u00f4ng nghi\u1ec7p<\/strong>, <strong data-start=\"1268\" data-end=\"1291\">nghi\u00ean c\u1ee9u khoa h\u1ecdc<\/strong>\u0411\u0430\u0439\u043b\u0430\u043d\u044b\u0441 - Caluanie Muelear \u043e\u043a\u0441\u0438\u0434\u0442\u0435\u0440 \u0434\u04af\u043a\u0435\u043d\u0456 <strong data-start=\"1296\" data-end=\"1316\">khai th\u00e1c kim lo\u1ea1i<\/strong>, c\u1ee7a b\u1ea1n <strong data-start=\"1323\" data-end=\"1351\">Caluanie Muelear Oxidize<\/strong> \u0111\u01a1n h\u00e0ng s\u1ebd \u0111\u01b0\u1ee3c x\u1eed l\u00fd c\u1ea9n th\u1eadn v\u00e0 hi\u1ec7u qu\u1ea3.<\/p>\n<\/li>\n<\/ul>\n<h3 class=\"\" data-start=\"1401\" data-end=\"1433\"><strong data-start=\"1405\" data-end=\"1433\">\u0110\u1ea3m b\u1ea3o \u0111\u00f3ng g\u00f3i an to\u00e0n<\/strong><\/h3>\n<ul data-start=\"1434\" data-end=\"1631\">\n<li class=\"\" data-start=\"1434\" data-end=\"1631\">\n<p class=\"\" data-start=\"1436\" data-end=\"1631\"><strong data-start=\"1436\" data-end=\"1464\">Caluanie Muelear Oxidize<\/strong> \u0111\u01b0\u1ee3c \u0111\u00f3ng g\u00f3i an to\u00e0n trong c\u00e1c th\u00f9ng ch\u1ee9a ch\u1ed1ng r\u00f2 r\u1ec9, ch\u1ed1ng h\u00f3a ch\u1ea5t \u0111\u1ec3 ng\u0103n ng\u1eeba b\u1ea5t k\u1ef3 h\u01b0 h\u1ecfng ho\u1eb7c r\u00f2 r\u1ec9 n\u00e0o trong qu\u00e1 tr\u00ecnh v\u1eadn chuy\u1ec3n. Bao b\u00ec c\u1ee7a ch\u00fang t\u00f4i \u0111\u1ea3m b\u1ea3o \u0111\u01a1n h\u00e0ng c\u1ee7a b\u1ea1n \u0111\u1ebfn n\u01a1i an to\u00e0n.<\/p>\n<\/li>\n<\/ul>\n<h3 class=\"\" data-start=\"1633\" data-end=\"1670\"><strong data-start=\"1637\" data-end=\"1670\">\u0110\u1ea3m b\u1ea3o s\u1ef1 h\u00e0i l\u00f2ng trong 30 ng\u00e0y<\/strong><\/h3>\n<ul data-start=\"1671\" data-end=\"2021\">\n<li class=\"\" data-start=\"1671\" data-end=\"1898\">\n<p class=\"\" data-start=\"1673\" data-end=\"1898\">N\u1ebfu b\u1ea1n kh\u00f4ng h\u00e0i l\u00f2ng v\u1edbi <strong data-start=\"1708\" data-end=\"1736\">Caluanie oxy h\u00f3a<\/strong> mua h\u00e0ng, ch\u00fang t\u00f4i cung c\u1ea5p m\u1ed9t <strong data-start=\"1758\" data-end=\"1791\">\u0110\u1ea3m b\u1ea3o s\u1ef1 h\u00e0i l\u00f2ng trong 30 ng\u00e0y<\/strong>. H\u00e3y li\u00ean h\u1ec7 v\u1edbi nh\u00f3m d\u1ecbch v\u1ee5 kh\u00e1ch h\u00e0ng c\u1ee7a ch\u00fang t\u00f4i v\u00e0 ch\u00fang t\u00f4i s\u1ebd ho\u00e0n l\u1ea1i ti\u1ec1n, thay th\u1ebf ho\u1eb7c \u0111\u1ed5i s\u1ea3n ph\u1ea9m cho \u0111\u01a1n h\u00e0ng c\u1ee7a b\u1ea1n.<\/p>\n<\/li>\n<li class=\"\" data-start=\"1899\" data-end=\"2021\">\n<p class=\"\" data-start=\"1901\" data-end=\"2021\">S\u1ef1 h\u00e0i l\u00f2ng c\u1ee7a b\u1ea1n l\u00e0 \u01b0u ti\u00ean h\u00e0ng \u0111\u1ea7u c\u1ee7a ch\u00fang t\u00f4i v\u00e0 ch\u00fang t\u00f4i c\u1ed1 g\u1eafng gi\u1ea3i quy\u1ebft m\u1ecdi v\u1ea5n \u0111\u1ec1 m\u1ed9t c\u00e1ch nhanh ch\u00f3ng \u0111\u1ec3 \u0111\u1ea3m b\u1ea3o b\u1ea1n h\u00e0i l\u00f2ng v\u1edbi giao d\u1ecbch mua h\u00e0ng c\u1ee7a m\u00ecnh.<\/p>\n<\/li>\n<\/ul>\n<h3 class=\"\" data-start=\"2023\" data-end=\"2059\"><strong data-start=\"2027\" data-end=\"2059\">H\u1ed7 tr\u1ee3 kh\u00e1ch h\u00e0ng \u0111\u1eb7c bi\u1ec7t<\/strong><\/h3>\n<ul data-start=\"2060\" data-end=\"2340\">\n<li class=\"\" data-start=\"2060\" data-end=\"2209\">\n<p class=\"\" data-start=\"2062\" data-end=\"2209\">\u0110\u1ed9i ng\u0169 h\u1ed7 tr\u1ee3 kh\u00e1ch h\u00e0ng t\u1eadn t\u00e2m c\u1ee7a ch\u00fang t\u00f4i lu\u00f4n s\u1eb5n s\u00e0ng h\u1ed7 tr\u1ee3 b\u1ea1n gi\u1ea3i \u0111\u00e1p m\u1ecdi th\u1eafc m\u1eafc ho\u1eb7c lo ng\u1ea1i li\u00ean quan \u0111\u1ebfn <strong data-start=\"2171\" data-end=\"2199\">Caluanie Muelear Oxidize<\/strong> mua.<\/p>\n<\/li>\n<li class=\"\" data-start=\"2210\" data-end=\"2340\">\n<p class=\"\" data-start=\"2212\" data-end=\"2340\">Cho d\u00f9 b\u1ea1n c\u1ea7n tr\u1ee3 gi\u00fap \u0111\u1ec3 l\u1ef1a ch\u1ecdn s\u1ea3n ph\u1ea9m ph\u00f9 h\u1ee3p hay theo d\u00f5i l\u00f4 h\u00e0ng c\u1ee7a m\u00ecnh, ch\u00fang t\u00f4i lu\u00f4n s\u1eb5n s\u00e0ng cung c\u1ea5p h\u01b0\u1edbng d\u1eabn v\u00e0 h\u1ed7 tr\u1ee3 chuy\u00ean m\u00f4n.<\/p>\n<\/li>\n<\/ul>\n<h2 class=\"\" data-start=\"2342\" data-end=\"2401\"><strong data-start=\"2345\" data-end=\"2401\">C\u00e1ch y\u00eau c\u1ea7u b\u1ea3o h\u00e0nh Caluanie Muelear Oxidize c\u1ee7a b\u1ea1n<\/strong><\/h2>\n<ul data-start=\"2403\" data-end=\"2660\">\n<li class=\"\" data-start=\"2403\" data-end=\"2536\">\n<p class=\"\" data-start=\"2405\" data-end=\"2536\">N\u1ebfu b\u1ea1n kh\u00f4ng ho\u00e0n to\u00e0n h\u00e0i l\u00f2ng v\u1edbi <strong data-start=\"2450\" data-end=\"2478\">Caluanie Muelear <\/strong>mua h\u00e0ng, h\u00e3y li\u00ean h\u1ec7 v\u1edbi ch\u00fang t\u00f4i trong <strong data-start=\"2512\" data-end=\"2523\">30 ng\u00e0y<\/strong> c\u1ee7a vi\u1ec7c giao h\u00e0ng.<\/p>\n<\/li>\n<li class=\"\" data-start=\"2537\" data-end=\"2660\">\n<p class=\"\" data-start=\"2539\" data-end=\"2660\">Cung c\u1ea5p th\u00f4ng tin chi ti\u1ebft v\u1ec1 \u0111\u01a1n h\u00e0ng c\u1ee7a b\u1ea1n v\u00e0 nh\u00f3m c\u1ee7a ch\u00fang t\u00f4i s\u1ebd gi\u00fap b\u1ea1n gi\u1ea3i quy\u1ebft, bao g\u1ed3m c\u1ea3 vi\u1ec7c ho\u00e0n l\u1ea1i ti\u1ec1n ho\u1eb7c thay th\u1ebf n\u1ebfu c\u1ea7n.<\/p>\n<\/li>\n<\/ul>\n<h2 class=\"\" data-start=\"2662\" data-end=\"2710\"><strong data-start=\"2665\" data-end=\"2710\">T\u1ea1i sao n\u00ean ch\u1ecdn Caluanie Muelear Oxidize Shop?<\/strong><\/h2>\n<ul data-start=\"2712\" data-end=\"3218\">\n<li class=\"\" data-start=\"2712\" data-end=\"2887\">\n<p class=\"\" data-start=\"2714\" data-end=\"2887\"><strong data-start=\"2714\" data-end=\"2734\">Nh\u00e0 cung c\u1ea5p \u0111\u00e1ng tin c\u1eady<\/strong>: V\u1edbi nhi\u1ec1u n\u0103m kinh nghi\u1ec7m, ch\u00fang t\u00f4i l\u00e0 ngu\u1ed3n \u0111\u00e1ng tin c\u1eady cho <a href=\"https:\/\/caluaniemuelearoxidizeshop.com\/vi\/product\/caluanie-muelear-oxidize-100l\/\"><strong data-start=\"2791\" data-end=\"2819\">Caluanie Muelear Oxidize<\/strong><\/a>. Kh\u00e1ch h\u00e0ng tin t\u01b0\u1edfng ch\u00fang t\u00f4i v\u00ec ch\u1ea5t l\u01b0\u1ee3ng s\u1ea3n ph\u1ea9m v\u00e0 d\u1ecbch v\u1ee5 tuy\u1ec7t v\u1eddi.<\/p>\n<\/li>\n<li class=\"\" data-start=\"2888\" data-end=\"3070\">\n<p class=\"\" data-start=\"2890\" data-end=\"3070\"><strong data-start=\"2890\" data-end=\"2909\">V\u1eadn chuy\u1ec3n to\u00e0n c\u1ea7u<\/strong>: Ch\u00fang t\u00f4i cung c\u1ea5p <strong data-start=\"2922\" data-end=\"2941\">v\u1eadn chuy\u1ec3n to\u00e0n c\u1ea7u<\/strong> \u0111\u1ebfn c\u00e1c khu v\u1ef1c nh\u01b0 Hoa K\u1ef3, Ch\u00e2u M\u1ef9 Latinh, Ch\u00e2u \u00c1 v\u00e0 nhi\u1ec1u n\u01a1i kh\u00e1c, \u0111\u1ea3m b\u1ea3o <strong data-start=\"3012\" data-end=\"3040\">Caluanie Muelear Oxidize<\/strong> \u0111\u1ebfn b\u1ea5t c\u1ee9 n\u01a1i n\u00e0o b\u1ea1n c\u1ea7n.<\/p>\n<\/li>\n<li class=\"\" data-start=\"3071\" data-end=\"3218\">\n<p class=\"\" data-start=\"3073\" data-end=\"3218\"><strong data-start=\"3073\" data-end=\"3094\">100% h\u00e0i l\u00f2ng<\/strong>: Ch\u00fang t\u00f4i lu\u00f4n cam k\u1ebft v\u1ec1 s\u1ea3n ph\u1ea9m v\u00e0 d\u1ecbch v\u1ee5 c\u1ee7a m\u00ecnh, cung c\u1ea5p <strong data-start=\"3146\" data-end=\"3170\">\u0111\u1ea3m b\u1ea3o ho\u00e0n ti\u1ec1n<\/strong> cho t\u1ea5t c\u1ea3 <strong data-start=\"3179\" data-end=\"3207\">Caluanie Muelear Oxidize<\/strong> mua h\u00e0ng.<\/p>\n<\/li>\n<\/ul>\n<h2 class=\"\" data-start=\"3220\" data-end=\"3294\"><strong data-start=\"3223\" data-end=\"3294\">\u0110\u1ea3m b\u1ea3o oxy h\u00f3a c\u1ee7a Caluanie Muelear \u2013 Gi\u1ea3i ph\u00e1p h\u00f3a h\u1ecdc \u0111\u00e1ng tin c\u1eady c\u1ee7a b\u1ea1n<\/strong><\/h2>\n<p class=\"\" data-start=\"3296\" data-end=\"3598\">Dapatkan kemas kini harga Caluanie Muelear Oxidize untuk 2025. Lihat kos seliter, harga pukal dan perkara yang mempengaruhi harga akhir. Beli dalam talian dengan penghantaran AS &amp; global <strong data-start=\"3305\" data-end=\"3344\">mua Caluanie Muelear Oxidize tr\u1ef1c tuy\u1ebfn<\/strong>, h\u00e3y y\u00ean t\u00e2m r\u1eb1ng b\u1ea1n \u0111ang nh\u1eadn \u0111\u01b0\u1ee3c m\u1ed9t s\u1ea3n ph\u1ea9m h\u00e0ng \u0111\u1ea7u \u0111\u01b0\u1ee3c h\u1ed7 tr\u1ee3 to\u00e0n di\u1ec7n c\u1ee7a ch\u00fang t\u00f4i <strong data-start=\"3429\" data-end=\"3442\">s\u1ef1 \u0111\u1ea3m b\u1ea3o<\/strong>. Ch\u00fang t\u00f4i \u01b0u ti\u00ean ch\u1ea5t l\u01b0\u1ee3ng, s\u1ef1 an to\u00e0n v\u00e0 s\u1ef1 h\u00e0i l\u00f2ng c\u1ee7a kh\u00e1ch h\u00e0ng v\u1edbi m\u1ecdi \u0111\u01a1n h\u00e0ng. Ni\u1ec1m tin <strong data-start=\"3525\" data-end=\"3558\">CaluanieMuelearOxidizeShop.com<\/strong>\u00a0cho nhu c\u1ea7u c\u00f4ng nghi\u1ec7p v\u00e0 nghi\u00ean c\u1ee9u c\u1ee7a b\u1ea1n.<\/p>","protected":false},"excerpt":{"rendered":"<p>Caluanie Muelear Oxidize Guarantee &#8211; Buy with Confidence At Caluanie Muelear Oxidize Shop, we are committed to delivering the highest quality products to our customers worldwide. When you choose to buy Caluanie Muelear Oxidize online, you can trust that your purchase is backed by our Caluanie Muelear Oxidize Guarantee. We guarantee authenticity, quality, and satisfaction &hellip; <\/p>\n<p class=\"more-link-wrap\"><a href=\"https:\/\/caluaniemuelearoxidizeshop.com\/vi\/caluanie-muelear-oxidize-guarantee\/\" class=\"more-link\"><i class=\"opal-icon-plus\" aria-hidden=\"true\"><\/i><span>Read More<span class=\"screen-reader-text\"> &#8220;Guarantee&#8221;<\/span><\/span><\/a><\/p>","protected":false},"author":1,"featured_media":8452,"parent":0,"menu_order":0,"comment_status":"closed","ping_status":"closed","template":"","meta":{"inline_featured_image":false,"footnotes":""},"class_list":["post-8451","page","type-page","status-publish","has-post-thumbnail","hentry"],"jetpack_sharing_enabled":true,"_links":{"self":[{"href":"https:\/\/caluaniemuelearoxidizeshop.com\/vi\/wp-json\/wp\/v2\/pages\/8451","targetHints":{"allow":["GET"]}}],"collection":[{"href":"https:\/\/caluaniemuelearoxidizeshop.com\/vi\/wp-json\/wp\/v2\/pages"}],"about":[{"href":"https:\/\/caluaniemuelearoxidizeshop.com\/vi\/wp-json\/wp\/v2\/types\/page"}],"author":[{"embeddable":true,"href":"https:\/\/caluaniemuelearoxidizeshop.com\/vi\/wp-json\/wp\/v2\/users\/1"}],"replies":[{"embeddable":true,"href":"https:\/\/caluaniemuelearoxidizeshop.com\/vi\/wp-json\/wp\/v2\/comments?post=8451"}],"version-history":[{"count":1,"href":"https:\/\/caluaniemuelearoxidizeshop.com\/vi\/wp-json\/wp\/v2\/pages\/8451\/revisions"}],"predecessor-version":[{"id":8453,"href":"https:\/\/caluaniemuelearoxidizeshop.com\/vi\/wp-json\/wp\/v2\/pages\/8451\/revisions\/8453"}],"wp:featuredmedia":[{"embeddable":true,"href":"https:\/\/caluaniemuelearoxidizeshop.com\/vi\/wp-json\/wp\/v2\/media\/8452"}],"wp:attachment":[{"href":"https:\/\/caluaniemuelearoxidizeshop.com\/vi\/wp-json\/wp\/v2\/media?parent=8451"}],"curies":[{"name":"wp","href":"https:\/\/api.w.org\/{rel}","templated":true}]}}